{"id":30,"date":"2019-04-29T16:07:35","date_gmt":"2019-04-29T16:07:35","guid":{"rendered":"http:\/\/www.visitdobrinj.hr\/?page_id=30"},"modified":"2020-03-14T22:02:04","modified_gmt":"2020-03-14T20:02:04","slug":"o-destinaciji","status":"publish","type":"page","link":"http:\/\/www.visitdobrinj.hr\/de\/uber-die-destination\/","title":{"rendered":"\u00dcBER DIE DESTINATION"},"content":{"rendered":"<p>Die k\u00fcrzeste Beschreibung des Gebiets von Dobrinj w\u00e4re &#8211; Einheit der Vielfalt. Dieser bekannte und weit verbreitete Ausdruck beschreibt am genauesten Dobrinj, eine \u201ekleine Stadt\u201c mitten auf der Insel sowie die umliegenden Siedlungen. Die Verbindung von Archaik und Gegenwart, Vergangenheit und Gegenwart, Tradition und Moderne &#8211; das ist etwas, was etwa zwanzig Siedlungen miteinander verbindet und zu einer harmonischen Einheit unter dem gemeinsamen Namen Dobrinj\u0161tina macht. Diejenigen, die Stille und Erholung unter dem Mantel der Vergangenheit suchen, sowie diejenigen, die modernere Arten der Erholung von K\u00f6rper und Seele bevorzugen, werden daher in Dobrinj\u0161tina alles finden, wonach sie suchen. Denn dieses Gebiet hat genau das \u2013 Stille des Hinterlandes, Meer und begleitende Freude der Reiseziele am Meer. Dazu tr\u00e4gt die gleichm\u00e4\u00dfig verteilte Farbpalette bei, mit der die Natur die Merkmale dieses Gebiets gepr\u00e4gt hat &#8211; Blau und Gr\u00fcn, Meer und Natur. Es liegt an Ihnen, Ihre Farbe zu w\u00e4hlen!<\/p>\n<p>Egal welche Sie w\u00e4hlen, Sie werden nichts falsch machen!<\/p>\n","protected":false},"excerpt":{"rendered":"<p>Die k\u00fcrzeste Beschreibung des Gebiets von Dobrinj w\u00e4re &#8211; Einheit der Vielfalt. Dieser bekannte und weit verbreitete Ausdruck beschreibt am genauesten Dobrinj, eine \u201ekleine Stadt\u201c mitten auf der Insel sowie die umliegenden Siedlungen. Die Verbindung von Archaik und Gegenwart, Vergangenheit und Gegenwart, Tradition und Moderne &#8211; das ist etwas, was etwa zwanzig Siedlungen miteinander verbindet [&hellip;]<\/p>\n","protected":false},"author":1,"featured_media":0,"parent":0,"menu_order":2,"comment_status":"closed","ping_status":"closed","template":"","meta":[],"_links":{"self":[{"href":"http:\/\/www.visitdobrinj.hr\/de\/wp-json\/wp\/v2\/pages\/30"}],"collection":[{"href":"http:\/\/www.visitdobrinj.hr\/de\/wp-json\/wp\/v2\/pages"}],"about":[{"href":"http:\/\/www.visitdobrinj.hr\/de\/wp-json\/wp\/v2\/types\/page"}],"author":[{"embeddable":true,"href":"http:\/\/www.visitdobrinj.hr\/de\/wp-json\/wp\/v2\/users\/1"}],"replies":[{"embeddable":true,"href":"http:\/\/www.visitdobrinj.hr\/de\/wp-json\/wp\/v2\/comments?post=30"}],"version-history":[{"count":10,"href":"http:\/\/www.visitdobrinj.hr\/de\/wp-json\/wp\/v2\/pages\/30\/revisions"}],"predecessor-version":[{"id":3105,"href":"http:\/\/www.visitdobrinj.hr\/de\/wp-json\/wp\/v2\/pages\/30\/revisions\/3105"}],"wp:attachment":[{"href":"http:\/\/www.visitdobrinj.hr\/de\/wp-json\/wp\/v2\/media?parent=30"}],"curies":[{"name":"wp","href":"https:\/\/api.w.org\/{rel}","templated":true}]}}