{"id":32,"date":"2019-04-30T10:46:21","date_gmt":"2019-04-30T10:46:21","guid":{"rendered":"http:\/\/www.visitdobrinj.hr\/?page_id=32"},"modified":"2020-03-04T12:02:04","modified_gmt":"2020-03-04T10:02:04","slug":"polozaj","status":"publish","type":"page","link":"http:\/\/www.visitdobrinj.hr\/de\/uber-die-destination\/lage\/","title":{"rendered":"Lage"},"content":{"rendered":"<p>Etwa zweihundert Meter \u00fcber dem Meeresspiegel liegt Dobrinj, das Zentrum von etwa 20 umliegenden D\u00f6rfern, die zusammen die Gemeinde Dobrinj oder in der Volkssprache \u201eDobrinjsko\u201c bilden. Obwohl Dobrinj im Nordosten der Insel Krk liegt, umfasst er teilweise auch die Ostk\u00fcste. Geografisch kann Dobrinj in drei Teile unterteilt werden: in Dobrinj als Zentrum und eigenst\u00e4ndige Einheit, in Siedlungen am Meer (\u0160ilo, Klimno, \u010ci\u017ei\u0107i, Soline, Meline und Rudine) und in das Hinterland (Polje, \u017destilac, Sveti Vid, Gostinjac, Hlap, \u017dupanj, Kras, Gabonjin, Sveti Ivan, Rasopasno, Su\u017ean, Tribulje, Klanice). Vor f\u00fcnfzig Jahren z\u00e4hlte auch Dolovo zum Hinterland. Inzwischen ist es ein ausgestorbenes Dorf zwischen Dobrinj und Kras. Die Einteilung dem Relief nach w\u00fcrde die sog. \u201eHohe Zone\u201c (Dobrinj, Kras und Gabonjin) und die \u201eNiedrige Zone\u201c (Bucht Soline) umfassen.<\/p>\n<p>Die verbreiteten, beziehungsweise zerstreuten Siedlungen einerseits und ihre Verbindung zu verschiedenen r\u00e4umlichen und kulturellen Zusammenh\u00e4ngen anderseits, ist eine der Besonderheiten dieses Gebiets, die sie von anderen Teilen der Insel Krk unterscheidet.<\/p>\n","protected":false},"excerpt":{"rendered":"<p>Etwa zweihundert Meter \u00fcber dem Meeresspiegel liegt Dobrinj, das Zentrum von etwa 20 umliegenden D\u00f6rfern, die zusammen die Gemeinde Dobrinj oder in der Volkssprache \u201eDobrinjsko\u201c bilden. Obwohl Dobrinj im Nordosten der Insel Krk liegt, umfasst er teilweise auch die Ostk\u00fcste. Geografisch kann Dobrinj in drei Teile unterteilt werden: in Dobrinj als Zentrum und eigenst\u00e4ndige Einheit, [&hellip;]<\/p>\n","protected":false},"author":1,"featured_media":0,"parent":30,"menu_order":1,"comment_status":"closed","ping_status":"closed","template":"","meta":[],"_links":{"self":[{"href":"http:\/\/www.visitdobrinj.hr\/de\/wp-json\/wp\/v2\/pages\/32"}],"collection":[{"href":"http:\/\/www.visitdobrinj.hr\/de\/wp-json\/wp\/v2\/pages"}],"about":[{"href":"http:\/\/www.visitdobrinj.hr\/de\/wp-json\/wp\/v2\/types\/page"}],"author":[{"embeddable":true,"href":"http:\/\/www.visitdobrinj.hr\/de\/wp-json\/wp\/v2\/users\/1"}],"replies":[{"embeddable":true,"href":"http:\/\/www.visitdobrinj.hr\/de\/wp-json\/wp\/v2\/comments?post=32"}],"version-history":[{"count":6,"href":"http:\/\/www.visitdobrinj.hr\/de\/wp-json\/wp\/v2\/pages\/32\/revisions"}],"predecessor-version":[{"id":3107,"href":"http:\/\/www.visitdobrinj.hr\/de\/wp-json\/wp\/v2\/pages\/32\/revisions\/3107"}],"up":[{"embeddable":true,"href":"http:\/\/www.visitdobrinj.hr\/de\/wp-json\/wp\/v2\/pages\/30"}],"wp:attachment":[{"href":"http:\/\/www.visitdobrinj.hr\/de\/wp-json\/wp\/v2\/media?parent=32"}],"curies":[{"name":"wp","href":"https:\/\/api.w.org\/{rel}","templated":true}]}}