{"id":34,"date":"2019-04-30T10:46:58","date_gmt":"2019-04-30T10:46:58","guid":{"rendered":"http:\/\/www.visitdobrinj.hr\/?page_id=34"},"modified":"2020-03-02T20:50:52","modified_gmt":"2020-03-02T18:50:52","slug":"povijest","status":"publish","type":"page","link":"http:\/\/www.visitdobrinj.hr\/de\/uber-die-destination\/geschichte\/","title":{"rendered":"Geschichte"},"content":{"rendered":"<p><strong>Die Spuren der Entstehung und des Lebens in diesem Gebiet gehen auf die sog. Urgeschichte zur\u00fcck. Geografische Namen sowie materielle, greifbare Spuren zeugen davon. Die geschriebene Spur von Dobrinj selbst und der Geschichte von Dobrinj f\u00fchren in die nahe gelegene Ortschaft Sveti Vid <em>\/Heiliger Veit\/<\/em> sogar ins Jahr 1100.<\/strong> Der wohlhabende Dragoslav (zu dessen Name auch das Beiwort \u201eber\u00fchmt\u201c erw\u00e4hnt und \u00fcber dessen Leben wenig bekannt ist) beschloss, in diesem Jahr die <strong>Pfarrkirche des Heiligen Stephan<\/strong> zu beschenken. Er schenkte ihr eine neu erbaute kleine Kirche, f\u00fcr deren Schutzpatron er den christlichen M\u00e4rtyrer Heiligen Veit w\u00e4hlte. <strong>Dobrinj erhielt seine \u201eTaufurkunde<\/strong>\u201c<strong> und die Pfarrkirche in Dobrinj ihre \u201ePfr\u00fcnde<\/strong>\u201c<strong> und das zuvor namenlose kleine Dorf den Namen Sveti Vid \/<em>Heiliger Veit<\/em>\/, aber auch seinen Platz in der nationalen Geschichte.<\/strong> Schriftliche Zeugnisse und m\u00fcndliche \u00dcberlieferungen belegen die Entstehung und das Leid dieser Gegend. Dobrinj selbst litt am meisten. Viel wurde Dobrinj entnommen, aber noch mehr haben die Bewohner von Dobrinj bewahrt. Unter anderem die glagolitischen Manuskripte, beziehungsweise Dokumente, die \u00fcber das Leben und die Menschen in der gesamten Geschichte dieser Region zeugen. Der Zeit und dem Wandel widerstand die \u201e<strong>\u010dokavica<\/strong>\u201c, eine Variante des chakavischen Dialekts, die nur f\u00fcr die Region Dobrinj in Kroatien typisch ist. Jahrhunderte vergingen, Herrscher und Flaggen des Staates, Sprachen und Systeme wechselten sich ab, aber das Urspr\u00fcngliche in jeder Hinsicht und Form blieb unver\u00e4ndert. Daher wird diese Region zu Recht als eine der <strong>Wiegen der kroatischen Kultur und Alphabetisierung <\/strong>bezeichnet.<\/p>\n","protected":false},"excerpt":{"rendered":"<p>Die Spuren der Entstehung und des Lebens in diesem Gebiet gehen auf die sog. Urgeschichte zur\u00fcck. Geografische Namen sowie materielle, greifbare Spuren zeugen davon. Die geschriebene Spur von Dobrinj selbst und der Geschichte von Dobrinj f\u00fchren in die nahe gelegene Ortschaft Sveti Vid \/Heiliger Veit\/ sogar ins Jahr 1100. Der wohlhabende Dragoslav (zu dessen Name [&hellip;]<\/p>\n","protected":false},"author":1,"featured_media":0,"parent":30,"menu_order":1,"comment_status":"closed","ping_status":"closed","template":"","meta":[],"_links":{"self":[{"href":"http:\/\/www.visitdobrinj.hr\/de\/wp-json\/wp\/v2\/pages\/34"}],"collection":[{"href":"http:\/\/www.visitdobrinj.hr\/de\/wp-json\/wp\/v2\/pages"}],"about":[{"href":"http:\/\/www.visitdobrinj.hr\/de\/wp-json\/wp\/v2\/types\/page"}],"author":[{"embeddable":true,"href":"http:\/\/www.visitdobrinj.hr\/de\/wp-json\/wp\/v2\/users\/1"}],"replies":[{"embeddable":true,"href":"http:\/\/www.visitdobrinj.hr\/de\/wp-json\/wp\/v2\/comments?post=34"}],"version-history":[{"count":28,"href":"http:\/\/www.visitdobrinj.hr\/de\/wp-json\/wp\/v2\/pages\/34\/revisions"}],"predecessor-version":[{"id":3083,"href":"http:\/\/www.visitdobrinj.hr\/de\/wp-json\/wp\/v2\/pages\/34\/revisions\/3083"}],"up":[{"embeddable":true,"href":"http:\/\/www.visitdobrinj.hr\/de\/wp-json\/wp\/v2\/pages\/30"}],"wp:attachment":[{"href":"http:\/\/www.visitdobrinj.hr\/de\/wp-json\/wp\/v2\/media?parent=34"}],"curies":[{"name":"wp","href":"https:\/\/api.w.org\/{rel}","templated":true}]}}