{"id":36,"date":"2019-04-30T10:47:23","date_gmt":"2019-04-30T10:47:23","guid":{"rendered":"http:\/\/www.visitdobrinj.hr\/?page_id=36"},"modified":"2020-03-14T23:12:31","modified_gmt":"2020-03-14T21:12:31","slug":"kultura","status":"publish","type":"page","link":"http:\/\/www.visitdobrinj.hr\/de\/uber-die-destination\/kultur\/","title":{"rendered":"Kultur"},"content":{"rendered":"<p><strong>Die Geschichte hat ihren Umhang in dieser Region, in der viele Sch\u00e4tze und Werte verborgen sind, weit gebreitet. Hervorzuheben ist die Urkunde des gro\u00dfen Dragoslav aus dem Jahre 1100, die \u201eTaufurkunde\u201c von Dobrinj und seiner Umgebung<\/strong>.<\/p>\n<h2>\u201eKapitelkirche\u201c oder (Pfarr-) Kirche des Heiligen Stephan in Dobrinj<\/h2>\n<p>In engem Zusammenhang mit diesem Dokument stehen zwei Kirchengeb\u00e4ude: die <strong>\u201eKapitelkirche\u201c oder (Pfarr-) Kirche des Heiligen Stephan in Dobrinj<\/strong>, eine der \u00e4ltesten Sakralbauten in diesem Teil der Insel Krk. Einige Jahrhunderte sp\u00e4ter wurde vor der Kirche ein <strong>h\u00f6lzernes Vordach \u201eCergan\u201c<\/strong> aufgebaut, dessen Baujahr und Auftraggeber bis heute unbekannt sind. In dieser dreischiffigen Kirche hebt sich das <strong>Altarretabel \u201eKr\u00f6nung Mariens\u201c vom Beginn des 16. Jahrhunderts<\/strong> hervor.<\/p>\n<h2>Die kleine Kirche des Heiligen Veit bei Dobrinj<\/h2>\n<p>Die Kirche des Heiligen Veit in der N\u00e4he von Dobrinj hat auch eine spezifische Geschichte, deren Bau im Jahr 1100 abgeschlossen wurde und aus der die ganze Geschichte der Taufurkunde der Gegend von Dobrinj begann. Die Kirche brach jedoch im 18. Jahrhundert langsam zusammen und diente bis fast zur Mitte des 20. Jahrhunderts als Lagerhaus, sogar als Stall. In den sp\u00e4ten Drei\u00dfigern Jahren initiierte eine Gruppe von Enthusiasten den Wiederaufbau dieses Relikts der Vergangenheit und parallel zum Ausbruch des Zweiten Weltkriegs wurde erneut in der Kirche Gottesdienst gefeiert.<\/p>\n<h2>Dreifaltigkeitskirche (\u201eKirche des Heiligen Antonius\u201c)<\/h2>\n<p>In Dobrinj gab es einst sieben Kirchen. Au\u00dfer der Hauptkirche ist die Dreifaltigkeitskirche (\u201eKirche des Hl. Antonius\u201c) mit einem interessanten Altarbild erhalten, das die H\u00f6lle, das Fegefeuer und das Paradies darstellt. Diese Kirche ist selten in sakraler Funktion und dient in den Sommermonaten als Ausstellungsraum.<\/p>\n<h2>Dobrinj<\/h2>\n<p><strong>Das St\u00e4dtchen-Museum<\/strong>, wie Dobrinj auch noch genannt wird, ist seit zwanzig Jahren ein wahres Kunstmekka im Sommer, und zwar dank des Kunstsammlers und -m\u00e4zens, des weltber\u00fchmten Peter Infeld, der gerade Dobrinj ausgew\u00e4hlt hat, um seinen Traum zu verwirklichen. Der Traum, beziehungsweise die Idee des verstorbenen Peter Infeld, \u201eDobrinj in ein Kunstzentrum zu verwandeln\u201c, ist Wirklichkeit geworden.<\/p>\n<p>Dobrinj hat sich zu einem Knotenpunkt der Kunstliebhaber entwickelt und die <strong>Galerie Infeld<\/strong>, eine der gr\u00f6\u00dften Galerien in Kroatien, bietet jeden Sommer Ausstellungen der bekanntesten lokalen und internationalen K\u00fcnstler sowie verschiedener k\u00fcnstlerischen Richtungen von der naiven Kunst bis hin zu \u201ePop Art\u201c.<\/p>\n<p>Die 1981 er\u00f6ffnete Sammlung im Sakralmuseum in Dobrinj ist eine wahre Fundgrube glagolitischer Handschriften, unter welchen die beglaubigte Abschrift der Urkunde des gro\u00dfen Dragoslav sowie der ber\u00fchmte venezianische Vorhang am Altar \u201eAntependium\u201c aus dem 14. Jahrhundert Im Sakralmuseum k\u00f6nnen Sie auch eine wahre Seltenheit sehen: die Vortragekreuze aus dem 17. Jahrhundert, auf welchen einerseits Maria und anderseits Jesus abgebildet sind.<\/p>\n<p>Neben der privaten Sammlung \u201eBarbali\u0107\u201c beherbergt Dobrinj auch eine gro\u00dfe dreist\u00f6ckige ethnografische Sammlung der Insel Krk. Der Aufbau ist thematisch gegliedert und die Werke seit Jahrzehnten auf der ganzen Insel Krk gesammelt. Die glagolitische Tradition, eines der Markenzeichen dieser Region, erinnert an den Weg und Allee der Glagoliten in Gabonjin. Schritt f\u00fcr Schritt, Stein f\u00fcr Stein und nun macht man einen angenehmen und n\u00fctzlichen lehrreichen Spaziergang durch den Waldweg und den Weg der Vorfahren bei dem das Erlernen der alten kroatischen Schrift einfacher und interessanter sein wird.<\/p>\n<h2>Die kleine Kirch des Heiligen Clemens in Klimno<\/h2>\n<p>Zu den Kulturdenkm\u00e4lern, deren Bedeutung \u00fcber das Gebiet von Dobrinj hinausreicht, geh\u00f6rt das barocke Altarretabel, in der kleinen Kirche Heiligen Clemens in Klimno. Das Retabel, das das Leben der Heiligen mit ihren Symbolen darstellt, ist ein weiteres gesch\u00fctztes Kulturdenkmal. Im Zentrum von Klimno, gegen\u00fcber der Kirche, ist ein gro\u00dfer Anker zu sehen; es m\u00f6chte Sie daran erinnern, dass in Klimno eine der \u00e4ltesten Werften der Insel Krk gebaut wurde.<\/p>\n","protected":false},"excerpt":{"rendered":"<p>Die Geschichte hat ihren Umhang in dieser Region, in der viele Sch\u00e4tze und Werte verborgen sind, weit gebreitet. Hervorzuheben ist die Urkunde des gro\u00dfen Dragoslav aus dem Jahre 1100, die \u201eTaufurkunde\u201c von Dobrinj und seiner Umgebung. \u201eKapitelkirche\u201c oder (Pfarr-) Kirche des Heiligen Stephan in Dobrinj In engem Zusammenhang mit diesem Dokument stehen zwei Kirchengeb\u00e4ude: die [&hellip;]<\/p>\n","protected":false},"author":1,"featured_media":0,"parent":30,"menu_order":1,"comment_status":"closed","ping_status":"closed","template":"","meta":[],"_links":{"self":[{"href":"http:\/\/www.visitdobrinj.hr\/de\/wp-json\/wp\/v2\/pages\/36"}],"collection":[{"href":"http:\/\/www.visitdobrinj.hr\/de\/wp-json\/wp\/v2\/pages"}],"about":[{"href":"http:\/\/www.visitdobrinj.hr\/de\/wp-json\/wp\/v2\/types\/page"}],"author":[{"embeddable":true,"href":"http:\/\/www.visitdobrinj.hr\/de\/wp-json\/wp\/v2\/users\/1"}],"replies":[{"embeddable":true,"href":"http:\/\/www.visitdobrinj.hr\/de\/wp-json\/wp\/v2\/comments?post=36"}],"version-history":[{"count":21,"href":"http:\/\/www.visitdobrinj.hr\/de\/wp-json\/wp\/v2\/pages\/36\/revisions"}],"predecessor-version":[{"id":3211,"href":"http:\/\/www.visitdobrinj.hr\/de\/wp-json\/wp\/v2\/pages\/36\/revisions\/3211"}],"up":[{"embeddable":true,"href":"http:\/\/www.visitdobrinj.hr\/de\/wp-json\/wp\/v2\/pages\/30"}],"wp:attachment":[{"href":"http:\/\/www.visitdobrinj.hr\/de\/wp-json\/wp\/v2\/media?parent=36"}],"curies":[{"name":"wp","href":"https:\/\/api.w.org\/{rel}","templated":true}]}}