{"id":40,"date":"2019-04-30T10:48:16","date_gmt":"2019-04-30T10:48:16","guid":{"rendered":"http:\/\/www.visitdobrinj.hr\/?page_id=40"},"modified":"2020-03-06T13:32:43","modified_gmt":"2020-03-06T11:32:43","slug":"plaze","status":"publish","type":"page","link":"http:\/\/www.visitdobrinj.hr\/de\/uber-die-destination\/strande\/","title":{"rendered":"Str\u00e4nde"},"content":{"rendered":"<p>Wie alle anderen Urlaubssegmente w\u00e4hlen wir die Str\u00e4nde nach dem gleichen Prinzip und nach unseren Vorlieben aus. Vielfalt ist ein gemeinsamer \u201eNenner\u201c aller Str\u00e4nde in dem Gebiet von Dobrinj\u0161tina. Fast alle Arten von Str\u00e4nden sind hier vertreten: <strong>sandig, kieselig, felsig<\/strong>, durch Buchten vor der Hektik und Realit\u00e4t gesch\u00fctzt oder unter dem klaren Himmel und der W\u00e4rme der Sonne.<\/p>\n<p>Zwei sind jedoch erw\u00e4hnenswert: der <strong>Strand in der Bucht Soline<\/strong>, bekannt (und anerkannt) f\u00fcr seine heilenden Eigenschaften des dortigen Schlamms. Den schwarzen Schlamm aufzutragen ist nicht nur f\u00fcr jene, die unter Knochenschmerzen leiden, unabdingbar, sondern auch eine Art Attraktion f\u00fcr kleine und gro\u00dfe Schwimmer.<\/p>\n<p>Auch Familien mit Kindern werden den <strong>Sandstrand in \u0160ilo<\/strong> zu sch\u00e4tzen wissen. Wenn der Strand in der Bucht Soline als Strand f\u00fcr die ganze Familie bekannt ist, wurde der Strand in \u0160ilo seit langem als \u201eKinderstrand\u201c bezeichnet. Sand und kristallklares Meer sind eine ideale Kombination, die den Kindern Sommerfreude bereitet und den Erwachsenen erm\u00f6glicht, die Zeit am Strand entspannt zu verbringen.<\/p>\n<p>Aus der Reihe von gro\u00dfen und kleinen Buchten in Dobrinj werden wir einen der sch\u00f6nsten Str\u00e4nde auf der Insel Krk, einen <strong>Sandstrand in der Bucht Slivanjska unweit von Rudine<\/strong>, und den Strand <strong>\u201eKomori\u0161ka\u201c am Eingang zu Klimno<\/strong>, der von einem Kiefernwald umgeben ist und viel Schatten hat.<\/p>\n<p>Dobrinj\u0161tina ist auch eine <strong>tierfreundliche Destination<\/strong>, das auch am Strand sichtbar ist, der f\u00fcr Vierbeiner bestimmt ist. Der Hundestrand Hunde befindet sich in \u0160ilo sowie in der N\u00e4he von Klimno und \u010ci\u017ei\u0107. Das hei\u00dft, die Besitzer m\u00fcssen sich nicht von ihren Haustieren trennen und die Haustiere kommen auf das seinige.<\/p>\n","protected":false},"excerpt":{"rendered":"<p>Wie alle anderen Urlaubssegmente w\u00e4hlen wir die Str\u00e4nde nach dem gleichen Prinzip und nach unseren Vorlieben aus. Vielfalt ist ein gemeinsamer \u201eNenner\u201c aller Str\u00e4nde in dem Gebiet von Dobrinj\u0161tina. Fast alle Arten von Str\u00e4nden sind hier vertreten: sandig, kieselig, felsig, durch Buchten vor der Hektik und Realit\u00e4t gesch\u00fctzt oder unter dem klaren Himmel und der [&hellip;]<\/p>\n","protected":false},"author":1,"featured_media":0,"parent":30,"menu_order":5,"comment_status":"closed","ping_status":"closed","template":"templates\/template-obj_plaze.php","meta":[],"_links":{"self":[{"href":"http:\/\/www.visitdobrinj.hr\/de\/wp-json\/wp\/v2\/pages\/40"}],"collection":[{"href":"http:\/\/www.visitdobrinj.hr\/de\/wp-json\/wp\/v2\/pages"}],"about":[{"href":"http:\/\/www.visitdobrinj.hr\/de\/wp-json\/wp\/v2\/types\/page"}],"author":[{"embeddable":true,"href":"http:\/\/www.visitdobrinj.hr\/de\/wp-json\/wp\/v2\/users\/1"}],"replies":[{"embeddable":true,"href":"http:\/\/www.visitdobrinj.hr\/de\/wp-json\/wp\/v2\/comments?post=40"}],"version-history":[{"count":24,"href":"http:\/\/www.visitdobrinj.hr\/de\/wp-json\/wp\/v2\/pages\/40\/revisions"}],"predecessor-version":[{"id":3189,"href":"http:\/\/www.visitdobrinj.hr\/de\/wp-json\/wp\/v2\/pages\/40\/revisions\/3189"}],"up":[{"embeddable":true,"href":"http:\/\/www.visitdobrinj.hr\/de\/wp-json\/wp\/v2\/pages\/30"}],"wp:attachment":[{"href":"http:\/\/www.visitdobrinj.hr\/de\/wp-json\/wp\/v2\/media?parent=40"}],"curies":[{"name":"wp","href":"https:\/\/api.w.org\/{rel}","templated":true}]}}