{"id":42,"date":"2019-04-30T10:48:38","date_gmt":"2019-04-30T10:48:38","guid":{"rendered":"http:\/\/www.visitdobrinj.hr\/?page_id=42"},"modified":"2020-03-14T22:54:26","modified_gmt":"2020-03-14T20:54:26","slug":"gastronomija","status":"publish","type":"page","link":"http:\/\/www.visitdobrinj.hr\/de\/uber-die-destination\/gastronomie\/","title":{"rendered":"Gastronomie"},"content":{"rendered":"<p><strong>Die allgegenw\u00e4rtigen Spuren der Vergangenheit in der Region von Dobrinj\u0161tina sind auch in dem gastronomischen Angebot deutlich. Nach dem Prinzip \u201ewie und was unsere Vorfahren gegessen haben\u201c basieren die Gastronomiebetriebe den gr\u00f6\u00dften Teil ihres Angebots auf verschiedenen Arten von Fischspezialit\u00e4ten.<\/strong><\/p>\n<p>Auf der anderen Seite gibt es Men\u00fcs, in welchen die Rolle der \u201eHauptheldin\u201c die Nudeln spielen. Gastwirte bieten als Hauptspezialit\u00e4t etwas, was einst eine Seltenheit war, und zwar <strong>\u201e\u017dvacet\u201c<\/strong> (<strong>Gulasch<\/strong>) <strong>mit Makkaroni<\/strong>. Gulasch k\u00f6nnen Sie auch mit \u0160urlice (eine Art hausgemachter Nudeln, die auf eine spezifische Weise hergestellt werden) kombinieren. Es gibt auch die gastronomische Kombination \u201e-Nudeln\u201c. So g\u00f6nnen Sie Ihrem Gaumen eine Kombination von \u0160urlice und Meeresfr\u00fcchten.<\/p>\n","protected":false},"excerpt":{"rendered":"<p>Die allgegenw\u00e4rtigen Spuren der Vergangenheit in der Region von Dobrinj\u0161tina sind auch in dem gastronomischen Angebot deutlich. Nach dem Prinzip \u201ewie und was unsere Vorfahren gegessen haben\u201c basieren die Gastronomiebetriebe den gr\u00f6\u00dften Teil ihres Angebots auf verschiedenen Arten von Fischspezialit\u00e4ten. Auf der anderen Seite gibt es Men\u00fcs, in welchen die Rolle der \u201eHauptheldin\u201c die Nudeln [&hellip;]<\/p>\n","protected":false},"author":1,"featured_media":0,"parent":30,"menu_order":6,"comment_status":"closed","ping_status":"closed","template":"","meta":[],"_links":{"self":[{"href":"http:\/\/www.visitdobrinj.hr\/de\/wp-json\/wp\/v2\/pages\/42"}],"collection":[{"href":"http:\/\/www.visitdobrinj.hr\/de\/wp-json\/wp\/v2\/pages"}],"about":[{"href":"http:\/\/www.visitdobrinj.hr\/de\/wp-json\/wp\/v2\/types\/page"}],"author":[{"embeddable":true,"href":"http:\/\/www.visitdobrinj.hr\/de\/wp-json\/wp\/v2\/users\/1"}],"replies":[{"embeddable":true,"href":"http:\/\/www.visitdobrinj.hr\/de\/wp-json\/wp\/v2\/comments?post=42"}],"version-history":[{"count":35,"href":"http:\/\/www.visitdobrinj.hr\/de\/wp-json\/wp\/v2\/pages\/42\/revisions"}],"predecessor-version":[{"id":3207,"href":"http:\/\/www.visitdobrinj.hr\/de\/wp-json\/wp\/v2\/pages\/42\/revisions\/3207"}],"up":[{"embeddable":true,"href":"http:\/\/www.visitdobrinj.hr\/de\/wp-json\/wp\/v2\/pages\/30"}],"wp:attachment":[{"href":"http:\/\/www.visitdobrinj.hr\/de\/wp-json\/wp\/v2\/media?parent=42"}],"curies":[{"name":"wp","href":"https:\/\/api.w.org\/{rel}","templated":true}]}}