{"id":46,"date":"2019-04-30T10:50:16","date_gmt":"2019-04-30T10:50:16","guid":{"rendered":"http:\/\/www.visitdobrinj.hr\/?page_id=46"},"modified":"2020-03-05T21:54:02","modified_gmt":"2020-03-05T19:54:02","slug":"znamenitosti_info","status":"publish","type":"page","link":"http:\/\/www.visitdobrinj.hr\/de\/sehenswurdigkeiten_info\/","title":{"rendered":"SEHENSW\u00dcRDIGKEITEN"},"content":{"rendered":"<p>\u201eSeit dem siebten Jahrhundert\u201c wahrscheinlich, \u201e1100 Jahre nach Christus\u201c sind sie sicherlich hier&#8230; mit nur einer Vision, einem Ziel &#8211; um zu \u00fcberleben. Ein Ziel, eine Vision, der Wille als einziger Halt, die blasigen, verwundeten H\u00e4nde als einziges Werkzeug. Erde, Stein, Holz, Sand, Meer, Wasser &#8211; all das geht durch ihre H\u00e4nde. H\u00e4nde, die bewusst K\u00e4lte und Hitze, Wunden und Schmerzen erdulden, formen ihr Leben und das Leben ihrer N\u00e4chsten und pr\u00e4gen gleichzeitig unbewusst St\u00fcck f\u00fcr St\u00fcck die Geschichte von Dobrinj und der Gegend von Dobrinj\u2026<\/p>\n<p>Seit dem Jahr \u201e1100 nach Christus\u201c, beziehungsweise seit der ersten schriftlichen Erw\u00e4hnung von Dobrinj und in den folgenden Jahrhunderten haben ihre H\u00e4nde Spuren hinterlassen. Die Spuren ihres Kampfes ums Leben haben viele andere K\u00e4mpfe und Ungl\u00fccke \u00fcberlebt und heute sind sie nur noch Erinnerungen, Symbole vergangener Zeiten. Auf der Suche nach diesen Zeiten sind wir auf viele wertvolle und wenig oder gar keine hervorgehobenen Spuren der Vergangenheit gesto\u00dfen. Mithilfe dieses Katalogs k\u00f6nnen Sie sie leicht finden! Sie sind es wert, angeschaut zu werden und sich zu pr\u00e4gen\u2026 da all dies haben sie geschaffen &#8211; kleine, einfache Menschen\u2026<\/p>\n","protected":false},"excerpt":{"rendered":"<p>\u201eSeit dem siebten Jahrhundert\u201c wahrscheinlich, \u201e1100 Jahre nach Christus\u201c sind sie sicherlich hier&#8230; mit nur einer Vision, einem Ziel &#8211; um zu \u00fcberleben. Ein Ziel, eine Vision, der Wille als einziger Halt, die blasigen, verwundeten H\u00e4nde als einziges Werkzeug. Erde, Stein, Holz, Sand, Meer, Wasser &#8211; all das geht durch ihre H\u00e4nde. H\u00e4nde, die bewusst [&hellip;]<\/p>\n","protected":false},"author":1,"featured_media":0,"parent":0,"menu_order":3,"comment_status":"closed","ping_status":"closed","template":"templates\/template-obj_znamenitosti.php","meta":[],"_links":{"self":[{"href":"http:\/\/www.visitdobrinj.hr\/de\/wp-json\/wp\/v2\/pages\/46"}],"collection":[{"href":"http:\/\/www.visitdobrinj.hr\/de\/wp-json\/wp\/v2\/pages"}],"about":[{"href":"http:\/\/www.visitdobrinj.hr\/de\/wp-json\/wp\/v2\/types\/page"}],"author":[{"embeddable":true,"href":"http:\/\/www.visitdobrinj.hr\/de\/wp-json\/wp\/v2\/users\/1"}],"replies":[{"embeddable":true,"href":"http:\/\/www.visitdobrinj.hr\/de\/wp-json\/wp\/v2\/comments?post=46"}],"version-history":[{"count":20,"href":"http:\/\/www.visitdobrinj.hr\/de\/wp-json\/wp\/v2\/pages\/46\/revisions"}],"predecessor-version":[{"id":3170,"href":"http:\/\/www.visitdobrinj.hr\/de\/wp-json\/wp\/v2\/pages\/46\/revisions\/3170"}],"wp:attachment":[{"href":"http:\/\/www.visitdobrinj.hr\/de\/wp-json\/wp\/v2\/media?parent=46"}],"curies":[{"name":"wp","href":"https:\/\/api.w.org\/{rel}","templated":true}]}}