{"id":56,"date":"2019-04-30T10:53:37","date_gmt":"2019-04-30T10:53:37","guid":{"rendered":"http:\/\/www.visitdobrinj.hr\/?page_id=56"},"modified":"2025-04-24T23:04:55","modified_gmt":"2025-04-24T21:04:55","slug":"smjestaj","status":"publish","type":"page","link":"http:\/\/www.visitdobrinj.hr\/de\/unterkunft\/","title":{"rendered":"UNTERKUNFT"},"content":{"rendered":"<p>Die auf der ruhigeren Seite der Insel Krk gelegene Umgebung von Dobrinj begeistert durch ihr authentisches K\u00fcstenambiente, reiches Kulturerbe sowie Natursch\u00f6nheiten. Diese verborgene Perle der Insel Krk bietet neben kristallklarem Meerwasser und unber\u00fchrter Natur in <a href=\"http:\/\/www.visitdobrinj.hr\/de\/unterkunft\/privatunterkunft\/\" target=\"_blank\" rel=\"noopener\">Privatunterk\u00fcnften<\/a>, auf <a href=\"http:\/\/www.visitdobrinj.hr\/de\/unterkunft\/campingplatze\/\" target=\"_blank\" rel=\"noopener\">privaten Campingpl\u00e4tzen<\/a> oder in Ferienh\u00e4usern einen ruhigen und erholsamen Urlaub.<\/p>\n<p>Die meisten Objekte haben vier, viele aber auch f\u00fcnf Sterne und bieten G\u00e4sten eine Kombination aus Qualit\u00e4t, Privatsph\u00e4re und unmittelbarer Naturverbundenheit. Eine Unterkunft in der Umgebung von Dobrinj ist ein Erlebnis \u2013 das ideale Reiseziel f\u00fcr Familien, Forscher und Liebhaber von Ruhe und Gelassenheit.<\/p>\n","protected":false},"excerpt":{"rendered":"<p>Die auf der ruhigeren Seite der Insel Krk gelegene Umgebung von Dobrinj begeistert durch ihr authentisches K\u00fcstenambiente, reiches Kulturerbe sowie Natursch\u00f6nheiten. Diese verborgene Perle der Insel Krk bietet neben kristallklarem Meerwasser und unber\u00fchrter Natur in Privatunterk\u00fcnften, auf privaten Campingpl\u00e4tzen oder in Ferienh\u00e4usern einen ruhigen und erholsamen Urlaub. Die meisten Objekte haben vier, viele aber auch [&hellip;]<\/p>\n","protected":false},"author":1,"featured_media":0,"parent":0,"menu_order":4,"comment_status":"closed","ping_status":"closed","template":"","meta":[],"_links":{"self":[{"href":"http:\/\/www.visitdobrinj.hr\/de\/wp-json\/wp\/v2\/pages\/56"}],"collection":[{"href":"http:\/\/www.visitdobrinj.hr\/de\/wp-json\/wp\/v2\/pages"}],"about":[{"href":"http:\/\/www.visitdobrinj.hr\/de\/wp-json\/wp\/v2\/types\/page"}],"author":[{"embeddable":true,"href":"http:\/\/www.visitdobrinj.hr\/de\/wp-json\/wp\/v2\/users\/1"}],"replies":[{"embeddable":true,"href":"http:\/\/www.visitdobrinj.hr\/de\/wp-json\/wp\/v2\/comments?post=56"}],"version-history":[{"count":15,"href":"http:\/\/www.visitdobrinj.hr\/de\/wp-json\/wp\/v2\/pages\/56\/revisions"}],"predecessor-version":[{"id":38235,"href":"http:\/\/www.visitdobrinj.hr\/de\/wp-json\/wp\/v2\/pages\/56\/revisions\/38235"}],"wp:attachment":[{"href":"http:\/\/www.visitdobrinj.hr\/de\/wp-json\/wp\/v2\/media?parent=56"}],"curies":[{"name":"wp","href":"https:\/\/api.w.org\/{rel}","templated":true}]}}