{"id":58,"date":"2019-04-30T10:54:03","date_gmt":"2019-04-30T10:54:03","guid":{"rendered":"http:\/\/www.visitdobrinj.hr\/?page_id=58"},"modified":"2020-03-02T20:54:43","modified_gmt":"2020-03-02T18:54:43","slug":"privatni-smjestaj","status":"publish","type":"page","link":"http:\/\/www.visitdobrinj.hr\/de\/unterkunft\/privatunterkunft\/","title":{"rendered":"PRIVATUNTERKUNFT"},"content":{"rendered":"<p>Die fehlenden Hotelkomplexe haben sich f\u00fcr das Gebiet von Dobrinj \u00fcberhaupt nicht als nachteilig erwiesen. Im Gegenteil &#8211; es hat nur die Richtung gepr\u00e4gt, in die sich der Tourismus hier bewegt. Das touristische Angebot von Dobrinj ist zwar offen f\u00fcr Innovationen, bewahrt jedoch bewusst und gezielt Relikte und Werte der Vergangenheit und der lokalen Geschichte in verschiedenen Bereichen auf, was sich auch im Unterkunftsangebot widerspiegelt.<\/p>\n<p>In den letzten Jahren kehrte das Angebot an Privatunterk\u00fcnften in Dobrinj allm\u00e4hlich in seine Anf\u00e4nge zur\u00fcck, beziehungsweise in die Sommersaison, in der die ersten Touristen irgendwie Teil des Alltagslebens der Familien waren, bei denen sie abgesessen sind. Daher ist eine zunehmend verbreitete und gefragte Form der Unterbringung in den sogenannten Ferienh\u00e4usern. Es handelt sich um Privath\u00e4user, die sich gr\u00f6\u00dftenteils im Hinterland befinden und die alles beinhalten, was die l\u00e4ndliche Umgebung mit sich bringt.<\/p>\n<p>Wenn der Wecker durch H\u00e4hne oder V\u00f6gel ersetzt wird, wenn Sie aus der Gegenwart in einer scheinbar imagin\u00e4ren Welt und dennoch in der Wirklichkeit aufwachen, wird ein Sommerurlaub jenseits des gegenw\u00e4rtigen Raums und der gegenw\u00e4rtigen Zeit zu einem Urlaub f\u00fcr K\u00f6rper und Seele. Im Gegensatz zum l\u00e4ndlichen Tourismus ist die Unterkunft in Appartements und Pension m\u00f6glich. Es k\u00f6nnen auch Zimmer mit oder ohne Fr\u00fchst\u00fcck gemietet werden.<\/p>\n","protected":false},"excerpt":{"rendered":"<p>Die fehlenden Hotelkomplexe haben sich f\u00fcr das Gebiet von Dobrinj \u00fcberhaupt nicht als nachteilig erwiesen. Im Gegenteil &#8211; es hat nur die Richtung gepr\u00e4gt, in die sich der Tourismus hier bewegt. Das touristische Angebot von Dobrinj ist zwar offen f\u00fcr Innovationen, bewahrt jedoch bewusst und gezielt Relikte und Werte der Vergangenheit und der lokalen Geschichte [&hellip;]<\/p>\n","protected":false},"author":1,"featured_media":0,"parent":56,"menu_order":1,"comment_status":"closed","ping_status":"closed","template":"","meta":[],"_links":{"self":[{"href":"http:\/\/www.visitdobrinj.hr\/de\/wp-json\/wp\/v2\/pages\/58"}],"collection":[{"href":"http:\/\/www.visitdobrinj.hr\/de\/wp-json\/wp\/v2\/pages"}],"about":[{"href":"http:\/\/www.visitdobrinj.hr\/de\/wp-json\/wp\/v2\/types\/page"}],"author":[{"embeddable":true,"href":"http:\/\/www.visitdobrinj.hr\/de\/wp-json\/wp\/v2\/users\/1"}],"replies":[{"embeddable":true,"href":"http:\/\/www.visitdobrinj.hr\/de\/wp-json\/wp\/v2\/comments?post=58"}],"version-history":[{"count":5,"href":"http:\/\/www.visitdobrinj.hr\/de\/wp-json\/wp\/v2\/pages\/58\/revisions"}],"predecessor-version":[{"id":3013,"href":"http:\/\/www.visitdobrinj.hr\/de\/wp-json\/wp\/v2\/pages\/58\/revisions\/3013"}],"up":[{"embeddable":true,"href":"http:\/\/www.visitdobrinj.hr\/de\/wp-json\/wp\/v2\/pages\/56"}],"wp:attachment":[{"href":"http:\/\/www.visitdobrinj.hr\/de\/wp-json\/wp\/v2\/media?parent=58"}],"curies":[{"name":"wp","href":"https:\/\/api.w.org\/{rel}","templated":true}]}}