{"id":60,"date":"2019-04-30T10:54:26","date_gmt":"2019-04-30T10:54:26","guid":{"rendered":"http:\/\/www.visitdobrinj.hr\/?page_id=60"},"modified":"2025-07-21T13:24:11","modified_gmt":"2025-07-21T11:24:11","slug":"kampovi","status":"publish","type":"page","link":"http:\/\/www.visitdobrinj.hr\/de\/unterkunft\/campingplatze\/","title":{"rendered":"CAMPINGPL\u00c4TZE"},"content":{"rendered":"<p><strong>Neben den vielen Annehmlichkeiten und Vorteilen gibt es etwas, das das Gebiet von Dobrinj nicht bietet &#8211; Hotelunterkunft. Diese Tatsache erwies sich allerdings nicht als negativ, sondern eher als Vorteil. Eben Dobrinj\u0161tina wird von jenen gew\u00e4hlt, die sich nach Entspannung f\u00fcr K\u00f6rper und Seele sehnen, und solche Bed\u00fcrfnisse hat das moderne Leben auferlegt und legt sie immer mehr auf.<\/strong><\/p>\n<p>Neben der Privatunterkunft in Appartements, Pensionen und Zimmern haben Touristen in Dobrinj die M\u00f6glichkeit, in den sog. <strong>Ferienh\u00e4user<\/strong> untergebracht zu sein, die mit ihren Innen- und Au\u00dfenbereichen an die Vergangenheit von Dobrinj erinnern.<\/p>\n<p>F\u00fcr diejenigen, die den Campingurlaub bevorzugen, bietet Dobrinj zwei modern ausgestattete Campingpl\u00e4tze. <strong>C<\/strong><strong>ampingplatz \u201eSlamni\u201c in Klimno <\/strong>und <strong>Autoc<\/strong><strong>amp \u201eTiha\u201c in \u0160ilo<\/strong>. Unabh\u00e4ngig davon, f\u00fcr welchen Campingplatz Sie sich in Dobrinj entscheiden, werden Sie sich laut Statistik in einem der meistbesuchten und beliebtesten Campingpl\u00e4tze auf der Insel Krk ausruhen!<\/p>\n<h2>Campingplatz \u201eSlamni\u201c in Klimno<\/h2>\n<p>Der mit vier Sterne ausgezeichnete <strong>Campingplatz<\/strong> <strong>\u201eSlamni\u201c i<\/strong><strong>n Klimno<\/strong> ist nach seiner geografischen Lage benannt, da es teilweise in die gleichnamige Bucht, die Bucht Slamni, m\u00fcndet, die von einem Kiesstrand dominiert wird. Entsprechend seinem Angebot an Unterk\u00fcnften bis hin zu Freizeitsaktivit\u00e4ten ist der Campingplatz Slamni auch als ein <strong>Campingplatz f\u00fcr Familie, Urlaub und Gesundheit<\/strong> bekannt.<\/p>\n<p><strong>Campingplatz \u201eSlamni\u201c ****<\/strong><br \/>\nKlimno 8A, 51514 Dobrinj<br \/>\n<strong>Tel.:<\/strong> +385 51 853-169<br \/>\n<strong>Fax:<\/strong> +385 51 853-178<br \/>\n<strong>E-Mail:<\/strong> <a href=\"mailto:info@kampslamni.com.hr\">info@kampslamni.com.hr<\/a><br \/>\n<a href=\"http:\/\/www.kampslamni.com.hr\">www.kampslamni.com.hr<\/a><\/p>\n<h2>Campingplatz \u201eTiha\u201c in \u0160ilo<\/h2>\n<p>Das reiche Unterkunftsangebot im <strong>Camp Tiha \u0160ilo<\/strong> wird auch den anspruchsvollsten Gast zufriedenstellen. Die luxuri\u00f6sen, ausgezeichnet ausgestatteten Mobilh\u00e4uschen, eingerichtet im mediterranen Stil, der besondere Platz vorgesehen f\u00fcr Camper \u2013 Durchreisende, eingerichtete Parzellen im Schatten der Kiefer, sind nur ein Teil des attraktiven Angebots.<\/p>\n<p><strong>Campingplatz \u201eTiha\u201c ****<\/strong><br \/>\nKonjska bb, 51515 \u0160ilo<br \/>\n<strong>Tel.:<\/strong> +385 51 852-120, 850-129<br \/>\n<strong>Fax:<\/strong> +385 51 850-259<br \/>\n<strong>E-Mail:<\/strong> <a href=\"mailto:camp.silo@gppmikic.com\">camp.silo@gppmikic.com<\/a><br \/>\n<a href=\"https:\/\/malin-krk.com\/de\/camp-tiha-silo\/\" target=\"_blank\" rel=\"noopener\">www.malin-krk.com\/de\/camp-tiha-silo\/<\/a><\/p>\n","protected":false},"excerpt":{"rendered":"<p>Neben den vielen Annehmlichkeiten und Vorteilen gibt es etwas, das das Gebiet von Dobrinj nicht bietet &#8211; Hotelunterkunft. Diese Tatsache erwies sich allerdings nicht als negativ, sondern eher als Vorteil. Eben Dobrinj\u0161tina wird von jenen gew\u00e4hlt, die sich nach Entspannung f\u00fcr K\u00f6rper und Seele sehnen, und solche Bed\u00fcrfnisse hat das moderne Leben auferlegt und legt [&hellip;]<\/p>\n","protected":false},"author":1,"featured_media":0,"parent":56,"menu_order":2,"comment_status":"closed","ping_status":"closed","template":"","meta":[],"_links":{"self":[{"href":"http:\/\/www.visitdobrinj.hr\/de\/wp-json\/wp\/v2\/pages\/60"}],"collection":[{"href":"http:\/\/www.visitdobrinj.hr\/de\/wp-json\/wp\/v2\/pages"}],"about":[{"href":"http:\/\/www.visitdobrinj.hr\/de\/wp-json\/wp\/v2\/types\/page"}],"author":[{"embeddable":true,"href":"http:\/\/www.visitdobrinj.hr\/de\/wp-json\/wp\/v2\/users\/1"}],"replies":[{"embeddable":true,"href":"http:\/\/www.visitdobrinj.hr\/de\/wp-json\/wp\/v2\/comments?post=60"}],"version-history":[{"count":60,"href":"http:\/\/www.visitdobrinj.hr\/de\/wp-json\/wp\/v2\/pages\/60\/revisions"}],"predecessor-version":[{"id":38291,"href":"http:\/\/www.visitdobrinj.hr\/de\/wp-json\/wp\/v2\/pages\/60\/revisions\/38291"}],"up":[{"embeddable":true,"href":"http:\/\/www.visitdobrinj.hr\/de\/wp-json\/wp\/v2\/pages\/56"}],"wp:attachment":[{"href":"http:\/\/www.visitdobrinj.hr\/de\/wp-json\/wp\/v2\/media?parent=60"}],"curies":[{"name":"wp","href":"https:\/\/api.w.org\/{rel}","templated":true}]}}