{"id":62,"date":"2019-04-30T10:54:47","date_gmt":"2019-04-30T10:54:47","guid":{"rendered":"http:\/\/www.visitdobrinj.hr\/?page_id=62"},"modified":"2020-03-02T20:59:34","modified_gmt":"2020-03-02T18:59:34","slug":"aktivni-odmor","status":"publish","type":"page","link":"http:\/\/www.visitdobrinj.hr\/de\/aktivurlaub\/","title":{"rendered":"AKTIVURLAUB"},"content":{"rendered":"<p>Urlaub machen hei\u00dft nicht ausruhen. Zumindest nicht in dem Sinne, wie es fr\u00fcher war. Der Urlaub wird immer mehr zum Vorzeichen des Aktiven, das zwar den Geist entspannt, aber auch das, was ihn gelastet, freisetzt. Den Bed\u00fcrfnissen des modernen Menschen folgend, bereichern die Tourismusakteure in dem Gebiet von Dobrinj\u0161tina ihr Angebot Jahr f\u00fcr Jahr mit neuen Details, die den Urlaub aktiver und interessanter und damit n\u00fctzlicher machen. Hier erfahren Sie, wie und wo Sie sich in Dobrinj\u0161tina aktiv ausruhen und Ihren K\u00f6rper und Geist entspannen und st\u00e4rken k\u00f6nnen!<\/p>\n","protected":false},"excerpt":{"rendered":"<p>Urlaub machen hei\u00dft nicht ausruhen. Zumindest nicht in dem Sinne, wie es fr\u00fcher war. Der Urlaub wird immer mehr zum Vorzeichen des Aktiven, das zwar den Geist entspannt, aber auch das, was ihn gelastet, freisetzt. Den Bed\u00fcrfnissen des modernen Menschen folgend, bereichern die Tourismusakteure in dem Gebiet von Dobrinj\u0161tina ihr Angebot Jahr f\u00fcr Jahr mit [&hellip;]<\/p>\n","protected":false},"author":1,"featured_media":0,"parent":0,"menu_order":5,"comment_status":"closed","ping_status":"closed","template":"templates\/template-obj_aktivnosti.php","meta":[],"_links":{"self":[{"href":"http:\/\/www.visitdobrinj.hr\/de\/wp-json\/wp\/v2\/pages\/62"}],"collection":[{"href":"http:\/\/www.visitdobrinj.hr\/de\/wp-json\/wp\/v2\/pages"}],"about":[{"href":"http:\/\/www.visitdobrinj.hr\/de\/wp-json\/wp\/v2\/types\/page"}],"author":[{"embeddable":true,"href":"http:\/\/www.visitdobrinj.hr\/de\/wp-json\/wp\/v2\/users\/1"}],"replies":[{"embeddable":true,"href":"http:\/\/www.visitdobrinj.hr\/de\/wp-json\/wp\/v2\/comments?post=62"}],"version-history":[{"count":8,"href":"http:\/\/www.visitdobrinj.hr\/de\/wp-json\/wp\/v2\/pages\/62\/revisions"}],"predecessor-version":[{"id":3025,"href":"http:\/\/www.visitdobrinj.hr\/de\/wp-json\/wp\/v2\/pages\/62\/revisions\/3025"}],"wp:attachment":[{"href":"http:\/\/www.visitdobrinj.hr\/de\/wp-json\/wp\/v2\/media?parent=62"}],"curies":[{"name":"wp","href":"https:\/\/api.w.org\/{rel}","templated":true}]}}