{"id":64,"date":"2019-04-30T10:56:55","date_gmt":"2019-04-30T10:56:55","guid":{"rendered":"http:\/\/www.visitdobrinj.hr\/?page_id=64"},"modified":"2025-04-17T22:32:48","modified_gmt":"2025-04-17T20:32:48","slug":"setnice-i-biciklisticke-staze","status":"publish","type":"page","link":"http:\/\/www.visitdobrinj.hr\/de\/aktivurlaub\/promenaden\/","title":{"rendered":"PROMENADEN"},"content":{"rendered":"<p>Unabh\u00e4ngig von der Dauer bedeutet Urlaub f\u00fcr den Einzelnen in erster Linie Entspannung, Freisetzung von negativ angeh\u00e4uften Emotionen und das Aufladen der Batterien in aller Ruhe. Die zweite Determinante des Urlaubs wird jedoch immer beliebter und ist eine Form von erholendem Urlaub, bei dem man sich von dem Negativen l\u00f6st und sich mit dem Positiven f\u00fcllt.<\/p>\n<p>Die gesamte Insel Krk ist ein ideales Reiseziel f\u00fcr diejenigen, die ihren Urlaub mit einer aktiven Komponente abrunden m\u00f6chten, da es innerhalb der Inselgrenzen mehr als <strong>300 Kilometer markierte Wanderwege<\/strong> gibt. Der bedeutendste ist \u201e<strong>Kr\u010dka obilaznica\u201c <\/strong>&#8211; <strong>ein Rundweg von Krk<\/strong>, der markierte Wanderwege auf der Insel verbindet.<\/p>\n<p>Das Gebiet von Dobrinj\u0161tina hat auch seinen \u201erunden Trumpf\u201c, und zwar die Bergsteigerroute <strong>\u201ePutevima Dobrinj\u0161tine\u201c <\/strong><em>\/Auf den Wegen von Dobrinj\u0161tina\/, <\/em>deren 20 Kilometer lange Strecke in \u0160ilo beginnt und endet und die das Gebiet von Dobrinj\u0161tina als Ganzes ber\u00fchrt und attraktive Details der Flora, Fauna und Volksarchitektur enth\u00fcllt.<\/p>\n<p>Besonders erw\u00e4hnen m\u00f6chten wir den Wanderweg, der, wenn Sie Ihrem K\u00f6rper Anmut geben, Details \u00fcber die glagolitische Schrift \u2013 die \u00e4lteste kroatische Schrift \u2013 enth\u00fcllen wird. Dieser Wanderweg ist 200 Meter lang, hei\u00dft <strong>Put glagolja\u0161a<\/strong> und befindet sich in <strong>Gabonjinu<\/strong>.<\/p>\n\n\n<div class=\"wp-block-image\"><figure class=\"aligncenter size-large\"><a href=\"https:\/\/www.krk-outdoor.com\/en\" target=\"_blank\" rel=\"noopener\"><img loading=\"lazy\" width=\"691\" height=\"208\" src=\"http:\/\/www.visitdobrinj.hr\/wp-content\/uploads\/2025\/04\/logo_Krk-outdoor_hr_w-6.png\" alt=\"\" class=\"wp-image-38192\" srcset=\"http:\/\/www.visitdobrinj.hr\/wp-content\/uploads\/2025\/04\/logo_Krk-outdoor_hr_w-6.png 691w, http:\/\/www.visitdobrinj.hr\/wp-content\/uploads\/2025\/04\/logo_Krk-outdoor_hr_w-6-300x90.png 300w\" sizes=\"(max-width: 691px) 100vw, 691px\" \/><\/a><\/figure><\/div>\n","protected":false},"excerpt":{"rendered":"<p>Unabh\u00e4ngig von der Dauer bedeutet Urlaub f\u00fcr den Einzelnen in erster Linie Entspannung, Freisetzung von negativ angeh\u00e4uften Emotionen und das Aufladen der Batterien in aller Ruhe. Die zweite Determinante des Urlaubs wird jedoch immer beliebter und ist eine Form von erholendem Urlaub, bei dem man sich von dem Negativen l\u00f6st und sich mit dem Positiven [&hellip;]<\/p>\n","protected":false},"author":1,"featured_media":0,"parent":62,"menu_order":1,"comment_status":"closed","ping_status":"closed","template":"","meta":[],"_links":{"self":[{"href":"http:\/\/www.visitdobrinj.hr\/de\/wp-json\/wp\/v2\/pages\/64"}],"collection":[{"href":"http:\/\/www.visitdobrinj.hr\/de\/wp-json\/wp\/v2\/pages"}],"about":[{"href":"http:\/\/www.visitdobrinj.hr\/de\/wp-json\/wp\/v2\/types\/page"}],"author":[{"embeddable":true,"href":"http:\/\/www.visitdobrinj.hr\/de\/wp-json\/wp\/v2\/users\/1"}],"replies":[{"embeddable":true,"href":"http:\/\/www.visitdobrinj.hr\/de\/wp-json\/wp\/v2\/comments?post=64"}],"version-history":[{"count":49,"href":"http:\/\/www.visitdobrinj.hr\/de\/wp-json\/wp\/v2\/pages\/64\/revisions"}],"predecessor-version":[{"id":38196,"href":"http:\/\/www.visitdobrinj.hr\/de\/wp-json\/wp\/v2\/pages\/64\/revisions\/38196"}],"up":[{"embeddable":true,"href":"http:\/\/www.visitdobrinj.hr\/de\/wp-json\/wp\/v2\/pages\/62"}],"wp:attachment":[{"href":"http:\/\/www.visitdobrinj.hr\/de\/wp-json\/wp\/v2\/media?parent=64"}],"curies":[{"name":"wp","href":"https:\/\/api.w.org\/{rel}","templated":true}]}}