{"id":66,"date":"2019-04-30T10:57:28","date_gmt":"2019-04-30T10:57:28","guid":{"rendered":"http:\/\/www.visitdobrinj.hr\/?page_id=66"},"modified":"2020-03-02T21:04:54","modified_gmt":"2020-03-02T19:04:54","slug":"manifestacije","status":"publish","type":"page","link":"http:\/\/www.visitdobrinj.hr\/de\/aktivurlaub\/veranstaltungen\/","title":{"rendered":"VERANSTALTUNGEN"},"content":{"rendered":"<p>F\u00fcr jeden etwas \u2013 so w\u00fcrde die k\u00fcrzeste Beschreibung des Kultur- und Unterhaltungsangebots w\u00e4hrend der Sommermonate lauten. In der Tat kann nur so das Spektrum der Veranstaltungen beschrieben werden, die die touristische Saison in Dobrinj begleiten, egal ob sie erst am Anfang stehen oder l\u00e4ngst zur Tradition geworden sind.<\/p>\n<p><strong>Unter den Volksfesten f\u00fchren die bereits erw\u00e4hnten \u201eStipanja\u201c und \u201eRokova\u201c,<\/strong> aber genau wie im Lied \u201ehat jeder Ort sein eigenes Fest\u201c. Und wie es sich in Orten geh\u00f6rt, deren Bestehen und Existenz mit dem Meer zusammenh\u00e4ngen, werden in \u0160ilo, \u010ci\u017ei\u0107i, Klimno und Soline w\u00f6chentliche Sommerfeste mit autochthonen Gerichten und Meeresfr\u00fcchten organisiert.<\/p>\n<p>Auch diejenigen, die eine andere Form der Unterhaltung bevorzugen, werden auch nicht entt\u00e4uscht sein, da in den Sommermonaten regelm\u00e4\u00dfig seri\u00f6se Musikkonzerte und Abende des Klapa-Lieds organisiert werden. Ihre T\u00fcren haben die Museen und ethnografische Sammlungen ge\u00f6ffnet und in den Galerien in \u0160ilo und Dobrinj wechseln sich verschiedene Kunstgattungen ab. <strong>Der Kultursommer in Dobrinj<\/strong> steht auch im Zeichen der J\u00fcngsten, f\u00fcr welche die Vorschul- und Schulvorstellungen vorgesehen sind. Seit einigen Jahren finden in \u0160ilo hoch besuchte kreative Workshops und Mini-Sportwettbewerbe f\u00fcr Spiele auf See und Land statt.<\/p>\n","protected":false},"excerpt":{"rendered":"<p>F\u00fcr jeden etwas \u2013 so w\u00fcrde die k\u00fcrzeste Beschreibung des Kultur- und Unterhaltungsangebots w\u00e4hrend der Sommermonate lauten. In der Tat kann nur so das Spektrum der Veranstaltungen beschrieben werden, die die touristische Saison in Dobrinj begleiten, egal ob sie erst am Anfang stehen oder l\u00e4ngst zur Tradition geworden sind. Unter den Volksfesten f\u00fchren die bereits [&hellip;]<\/p>\n","protected":false},"author":1,"featured_media":0,"parent":62,"menu_order":6,"comment_status":"closed","ping_status":"closed","template":"","meta":[],"_links":{"self":[{"href":"http:\/\/www.visitdobrinj.hr\/de\/wp-json\/wp\/v2\/pages\/66"}],"collection":[{"href":"http:\/\/www.visitdobrinj.hr\/de\/wp-json\/wp\/v2\/pages"}],"about":[{"href":"http:\/\/www.visitdobrinj.hr\/de\/wp-json\/wp\/v2\/types\/page"}],"author":[{"embeddable":true,"href":"http:\/\/www.visitdobrinj.hr\/de\/wp-json\/wp\/v2\/users\/1"}],"replies":[{"embeddable":true,"href":"http:\/\/www.visitdobrinj.hr\/de\/wp-json\/wp\/v2\/comments?post=66"}],"version-history":[{"count":6,"href":"http:\/\/www.visitdobrinj.hr\/de\/wp-json\/wp\/v2\/pages\/66\/revisions"}],"predecessor-version":[{"id":3038,"href":"http:\/\/www.visitdobrinj.hr\/de\/wp-json\/wp\/v2\/pages\/66\/revisions\/3038"}],"up":[{"embeddable":true,"href":"http:\/\/www.visitdobrinj.hr\/de\/wp-json\/wp\/v2\/pages\/62"}],"wp:attachment":[{"href":"http:\/\/www.visitdobrinj.hr\/de\/wp-json\/wp\/v2\/media?parent=66"}],"curies":[{"name":"wp","href":"https:\/\/api.w.org\/{rel}","templated":true}]}}