{"id":68,"date":"2019-04-30T10:57:47","date_gmt":"2019-04-30T10:57:47","guid":{"rendered":"http:\/\/www.visitdobrinj.hr\/?page_id=68"},"modified":"2022-10-20T20:52:43","modified_gmt":"2022-10-20T18:52:43","slug":"izleti-brodom","status":"publish","type":"page","link":"http:\/\/www.visitdobrinj.hr\/de\/aktivurlaub\/bootsausfluge\/","title":{"rendered":"BOOTSAUSFL\u00dcGE"},"content":{"rendered":"<p>Individuell oder einzeln, auf der Insel, au\u00dferhalb der Insel oder zu den benachbarten Inseln, nach Crikvenica, Vinodol, Opatija und sogar nach Venedig &#8211; w\u00e4hlen Sie ein Reiseziel und Ihr Ausgangspunkt wartet schon auf Sie&#8230;<\/p>\n<p>Zu dem ausgew\u00e4hlten Reiseziel k\u00f6nnen Sie t\u00e4glich von \u0160ilo fahren. Von hier aus f\u00fchrt Sie die Reiseagentur Estee auf vielf\u00e4ltige und einfallsreiche Ausfl\u00fcge.<\/p>\n\n\n<div class=\"wp-block-columns\">\n<div class=\"wp-block-column\">\n<p><strong>Estee d.o.o. \u0160ilo<\/strong><br>Stara cesta 2, 51 515 \u0160ilo<br>Tel: +385 51 852 241, +385 98 395751<br><strong>E-mail:<\/strong> <a href=\"mailto:info@estee.hr\">info@estee.hr<\/a><br><strong>Web:<\/strong> <a rel=\"noreferrer noopener\" href=\"http:\/\/www.estee.hr\/\" target=\"_blank\">www.estee.hr<\/a><\/p>\n<\/div>\n\n\n\n<div class=\"wp-block-column\">\n<p><strong>Rent a boat Ivan<\/strong><br>\u0160etali\u0161te J. Pava\u010di\u0107a 16, 51 515 \u0160ILO<br><strong>Tel.:<\/strong> +385 98 168 0882<br><strong>E-mail:<\/strong> <a href=\"mailto:ivan.brusic08@gmail.com\">ivan.brusic08@gmail.com<\/a><br><strong>Web:<\/strong> <a rel=\"noreferrer noopener\" href=\"http:\/\/www.rentaboat-silo.com\/\" target=\"_blank\">www.rentaboat-silo.com<\/a><\/p>\n<\/div>\n\n\n\n<div class=\"wp-block-column\">\n<p><strong>Navimar<\/strong><br>Klimno bb, 51 514 Klimno<br><strong>Tel.:<\/strong> +385 95 882 8860<br><strong>E-mail:<\/strong> <a href=\"mailto:leo@rentaboat-klimno.com\">leo@rentaboat-klimno.com<\/a><br><strong>Web:<\/strong> <a rel=\"noreferrer noopener\" href=\"http:\/\/www.rentaboat-klimno.com\/\" target=\"_blank\">www.rentaboat-klimno.com<\/a><\/p>\n<\/div>\n<\/div>\n\n\n\n<div class=\"wp-block-columns\">\n<div class=\"wp-block-column\">\n<p><strong>Rent a boat Matina<\/strong><br>Klimno 9, 51 514 Klimno<br><strong>Tel.:<\/strong> +385 99 410 8832 +385 91 1158 362<br><strong>E-mail:<\/strong> <a href=\"mailto:rentaboatmatina@gmail.com\">rentaboatmatina@gmail.com<\/a><br><strong>Web:<\/strong> <a rel=\"noreferrer noopener\" href=\"https:\/\/matina-boat-rental-service.business.site\/\" target=\"_blank\">www.matina-boat-rental-service.business.site<\/a><\/p>\n<\/div>\n\n\n\n<div class=\"wp-block-column\">\n<p><strong>Boats MS<\/strong><br>\u010ci\u017ei\u0107i 56, 51 514 \u010ci\u017ei\u0107i<br><strong>Tel.:<\/strong> +385 91 226 0168<br><strong>E-mail:<\/strong> <a href=\"mailto:boat.msten@gmail.com\">boat.msten@gmail.com<\/a><\/p>\n<\/div>\n\n\n\n<div class=\"wp-block-column\">\n<p><strong>Rent a boat Boris<\/strong><br>Dobrinj 36, 51 514 Dobrinj<br><strong>Tel.:<\/strong> +385 98 972 8006<br><strong>E-mail:<\/strong> <a href=\"mailto:boris.dobrinj@gmail.com\">boris.dobrinj@gmail.com<\/a><br><strong>Web:<\/strong> <a rel=\"noreferrer noopener\" href=\"http:\/\/www.rentaboatcizici.com\/\" target=\"_blank\">www.rentaboatcizici.com<\/a><\/p>\n<\/div>\n<\/div>\n","protected":false},"excerpt":{"rendered":"<p>Individuell oder einzeln, auf der Insel, au\u00dferhalb der Insel oder zu den benachbarten Inseln, nach Crikvenica, Vinodol, Opatija und sogar nach Venedig &#8211; w\u00e4hlen Sie ein Reiseziel und Ihr Ausgangspunkt wartet schon auf Sie&#8230; Zu dem ausgew\u00e4hlten Reiseziel k\u00f6nnen Sie t\u00e4glich von \u0160ilo fahren. Von hier aus f\u00fchrt Sie die Reiseagentur Estee auf vielf\u00e4ltige und [&hellip;]<\/p>\n","protected":false},"author":1,"featured_media":0,"parent":62,"menu_order":3,"comment_status":"closed","ping_status":"closed","template":"","meta":[],"_links":{"self":[{"href":"http:\/\/www.visitdobrinj.hr\/de\/wp-json\/wp\/v2\/pages\/68"}],"collection":[{"href":"http:\/\/www.visitdobrinj.hr\/de\/wp-json\/wp\/v2\/pages"}],"about":[{"href":"http:\/\/www.visitdobrinj.hr\/de\/wp-json\/wp\/v2\/types\/page"}],"author":[{"embeddable":true,"href":"http:\/\/www.visitdobrinj.hr\/de\/wp-json\/wp\/v2\/users\/1"}],"replies":[{"embeddable":true,"href":"http:\/\/www.visitdobrinj.hr\/de\/wp-json\/wp\/v2\/comments?post=68"}],"version-history":[{"count":31,"href":"http:\/\/www.visitdobrinj.hr\/de\/wp-json\/wp\/v2\/pages\/68\/revisions"}],"predecessor-version":[{"id":25755,"href":"http:\/\/www.visitdobrinj.hr\/de\/wp-json\/wp\/v2\/pages\/68\/revisions\/25755"}],"up":[{"embeddable":true,"href":"http:\/\/www.visitdobrinj.hr\/de\/wp-json\/wp\/v2\/pages\/62"}],"wp:attachment":[{"href":"http:\/\/www.visitdobrinj.hr\/de\/wp-json\/wp\/v2\/media?parent=68"}],"curies":[{"name":"wp","href":"https:\/\/api.w.org\/{rel}","templated":true}]}}