{"id":70,"date":"2019-04-30T10:58:07","date_gmt":"2019-04-30T10:58:07","guid":{"rendered":"http:\/\/www.visitdobrinj.hr\/?page_id=70"},"modified":"2020-03-05T21:05:49","modified_gmt":"2020-03-05T19:05:49","slug":"ronjenje","status":"publish","type":"page","link":"http:\/\/www.visitdobrinj.hr\/de\/aktivurlaub\/tauchen\/","title":{"rendered":"TAUCHEN"},"content":{"rendered":"<p>Neben dem reichen materiellen Erbe zeichnet sich die Insel Krk durch einige Besonderheiten der Landschaft aus, die in zwei spezifischen Farben dieses Gebiets &#8211; Gr\u00fcn und Blau \u2013 gef\u00e4rbt sind. Der blaue Segen der Insel Krk, das Meer genannt, ist seit langem eng mit dem Leben der Insel verbunden. Das Meer gab, der Mensch erhielt vom Meer, aber im Gegenzug gab dem Meer, nicht selten das Wichtigste, was er im Leben hatte. Werfen Sie beim Erkunden und Genie\u00dfen des \u201egr\u00fcnen\u201c Teils unserer Region einen Blick, lernen Sie den intensivsten Blauton kennen und erleben Sie ihn &#8211; die Unterwasserwelt. <strong>Zwei Tauchzentren in \u0160ilo<\/strong> bieten Ihnen die M\u00f6glichkeit, die grundlegenden Tauchfertigkeiten zu erlernen oder die Vorhandenen zu verbessern.<\/p>\n<p><strong>Das Tauchzentrum Modrulj<\/strong> bietet Tauchkurse, Tauchausfl\u00fcge, Ausr\u00fcstungsverleih, spezielle Wochenendaktivit\u00e4ten (Nebensaison) und als besondere Attraktion Nachttauchen in einem Wrack an. Seinen Kunden bietet es auch die Organisation der Unterkunft an.<\/p>\n<p><strong>Das Tauchzentrum \u201eNeptun\u201c <\/strong>ist auch voll ausgestattet, um Tauchausfl\u00fcge und -kurse zu organisieren sowie Schulungen f\u00fcr alle Arten des technischen Tauchens anzubieten. Es bietet auch Unterkunft und moderne, schnelle Boote bringen die Taucher zu den attraktivsten Tauchpl\u00e4tzen.<\/p>\n<p>Und mit einer Reihe von Tauchpl\u00e4tzen, die sowohl f\u00fcr professionelle Taucher als auch f\u00fcr Freizeittaucher attraktiv sind, hebst insbesondere jener hervor, der am besten das Syntagma \u201edas Meer gibt, das Meer nimmt\u201c wiedergibt.<\/p>\n<p><strong>Tauchzentrum <\/strong><strong>Neptun<br \/>\n<\/strong>Lokvi\u0161\u0107a 12d, 51515 \u0160ilo<br \/>\n<strong>Tel.:<\/strong> +385 (0)51 604-404<br \/>\n<strong>Fax:<\/strong> +385 (0)51 604-403<br \/>\n<strong>E-Mail:<\/strong> <a href=\"mailto:info@neptun-silo.com\">info@neptun-silo.com<\/a><br \/>\n<a href=\"http:\/\/www.neptun-silo.com\/\" target=\"_blank\" rel=\"noopener\">www.neptun-silo.com<\/a><\/p>\n<p><strong>Tauchclub <\/strong><strong>Modrulj<br \/>\n<\/strong>Pe\u0107ine 27, 51515 \u0160ilo<br \/>\n<strong>Tel.:<\/strong> +385 (0)98 1881 625<br \/>\n<strong>E-Mail:<\/strong> <a href=\"mailto:modrulj@modrulj.hr\">modrulj@modrulj.hr<\/a><\/p>\n","protected":false},"excerpt":{"rendered":"<p>Neben dem reichen materiellen Erbe zeichnet sich die Insel Krk durch einige Besonderheiten der Landschaft aus, die in zwei spezifischen Farben dieses Gebiets &#8211; Gr\u00fcn und Blau \u2013 gef\u00e4rbt sind. Der blaue Segen der Insel Krk, das Meer genannt, ist seit langem eng mit dem Leben der Insel verbunden. Das Meer gab, der Mensch erhielt [&hellip;]<\/p>\n","protected":false},"author":1,"featured_media":0,"parent":62,"menu_order":4,"comment_status":"closed","ping_status":"closed","template":"","meta":[],"_links":{"self":[{"href":"http:\/\/www.visitdobrinj.hr\/de\/wp-json\/wp\/v2\/pages\/70"}],"collection":[{"href":"http:\/\/www.visitdobrinj.hr\/de\/wp-json\/wp\/v2\/pages"}],"about":[{"href":"http:\/\/www.visitdobrinj.hr\/de\/wp-json\/wp\/v2\/types\/page"}],"author":[{"embeddable":true,"href":"http:\/\/www.visitdobrinj.hr\/de\/wp-json\/wp\/v2\/users\/1"}],"replies":[{"embeddable":true,"href":"http:\/\/www.visitdobrinj.hr\/de\/wp-json\/wp\/v2\/comments?post=70"}],"version-history":[{"count":27,"href":"http:\/\/www.visitdobrinj.hr\/de\/wp-json\/wp\/v2\/pages\/70\/revisions"}],"predecessor-version":[{"id":3168,"href":"http:\/\/www.visitdobrinj.hr\/de\/wp-json\/wp\/v2\/pages\/70\/revisions\/3168"}],"up":[{"embeddable":true,"href":"http:\/\/www.visitdobrinj.hr\/de\/wp-json\/wp\/v2\/pages\/62"}],"wp:attachment":[{"href":"http:\/\/www.visitdobrinj.hr\/de\/wp-json\/wp\/v2\/media?parent=70"}],"curies":[{"name":"wp","href":"https:\/\/api.w.org\/{rel}","templated":true}]}}