{"id":40,"date":"2019-04-30T10:48:16","date_gmt":"2019-04-30T10:48:16","guid":{"rendered":"http:\/\/www.visitdobrinj.hr\/?page_id=40"},"modified":"2020-03-06T13:32:43","modified_gmt":"2020-03-06T11:32:43","slug":"plaze","status":"publish","type":"page","link":"http:\/\/www.visitdobrinj.hr\/en\/about-the-destination\/beaches\/","title":{"rendered":"Beaches"},"content":{"rendered":"<p>We choose all segments of our holiday, including beaches, based on our affinities. Diversity is the common denominator of all the beaches in Dobrinj\u0161tina (the region around Dobrinj). There are all kinds of beaches: <strong>sandy, pebble, rocky<\/strong>, protected by coves from the hustle and reality of life or wide-open underneath the clear sky and the warmth of the sun.<\/p>\n<p>Two beaches stand out in particular:\u00a0<strong>the beach in the Soline Bay<\/strong>, famous (and acknowledged) for the healing characteristics of its mud. Covering oneself in black mud is an activity that represents a necessity for those suffering from bone ache, but it also represents a special type of attraction for both younger and older bathers.<\/p>\n<p>Families with children will equally enjoy <strong>the sandy beach in \u0160ilo.<\/strong> Whereas the beach in the Soline Bay is famous for its status of a beach for the whole family, the beach in \u0160ilo was nicknamed the \u201cchildren\u2019s beach\u201d a long time ago. The sand and the crystal-clear sea are an ideal combination for children\u2019s summer joys, enabling the grown-ups to spend their time on the beach feeling relaxed.<\/p>\n<p>Among numerous bays and coves in Dobrinjsko, let us single out one of the most beautiful beaches on the island of Krk \u2013 <strong>the sandy beach in the Slivanjska Cove near Rudine,<\/strong> and the <strong>Komori\u0161ka beach at the entrance to Klimno<\/strong> surrounded by a pine forest and abounding in shade.<\/p>\n<p>Dobrinj\u0161tina is also a &#8220;<strong>pet friendly&#8221; destination, <\/strong>a proof of which is the availability of beaches intended for all four-legged pets. Dog beaches are located in \u0160ilo and nearby Klimno and \u010ci\u017ei\u0107i, which means that owners do not need to leave their pets and the pets can feel &#8220;at home&#8221;.<\/p>\n","protected":false},"excerpt":{"rendered":"<p>We choose all segments of our holiday, including beaches, based on our affinities. Diversity is the common denominator of all the beaches in Dobrinj\u0161tina (the region around Dobrinj). There are all kinds of beaches: sandy, pebble, rocky, protected by coves from the hustle and reality of life or wide-open underneath the clear sky and the [&hellip;]<\/p>\n","protected":false},"author":1,"featured_media":0,"parent":30,"menu_order":5,"comment_status":"closed","ping_status":"closed","template":"templates\/template-obj_plaze.php","meta":[],"_links":{"self":[{"href":"http:\/\/www.visitdobrinj.hr\/en\/wp-json\/wp\/v2\/pages\/40"}],"collection":[{"href":"http:\/\/www.visitdobrinj.hr\/en\/wp-json\/wp\/v2\/pages"}],"about":[{"href":"http:\/\/www.visitdobrinj.hr\/en\/wp-json\/wp\/v2\/types\/page"}],"author":[{"embeddable":true,"href":"http:\/\/www.visitdobrinj.hr\/en\/wp-json\/wp\/v2\/users\/1"}],"replies":[{"embeddable":true,"href":"http:\/\/www.visitdobrinj.hr\/en\/wp-json\/wp\/v2\/comments?post=40"}],"version-history":[{"count":24,"href":"http:\/\/www.visitdobrinj.hr\/en\/wp-json\/wp\/v2\/pages\/40\/revisions"}],"predecessor-version":[{"id":3189,"href":"http:\/\/www.visitdobrinj.hr\/en\/wp-json\/wp\/v2\/pages\/40\/revisions\/3189"}],"up":[{"embeddable":true,"href":"http:\/\/www.visitdobrinj.hr\/en\/wp-json\/wp\/v2\/pages\/30"}],"wp:attachment":[{"href":"http:\/\/www.visitdobrinj.hr\/en\/wp-json\/wp\/v2\/media?parent=40"}],"curies":[{"name":"wp","href":"https:\/\/api.w.org\/{rel}","templated":true}]}}