{"id":4830,"date":"2020-09-19T18:45:45","date_gmt":"2020-09-19T16:45:45","guid":{"rendered":"http:\/\/www.visitdobrinj.hr\/?page_id=4830"},"modified":"2025-08-20T13:50:48","modified_gmt":"2025-08-20T11:50:48","slug":"pristupacnost","status":"publish","type":"page","link":"http:\/\/www.visitdobrinj.hr\/en\/pristupacnost\/","title":{"rendered":"Izjava o pristupa\u010dnosti"},"content":{"rendered":"\n<p>TURISTI\u010cKA ZAJEDNICA OP\u0106INE DOBRINJ nastoji svoje mre\u017ene stranice u\u010diniti pristupa\u010dnima u skladu sa <a rel=\"noreferrer noopener\" href=\"https:\/\/sredisnjikatalogrh.gov.hr\/cadial\/searchdoc.php?action=search&#038;lang=hr&#038;query=pristupa%C4%8Dnost&#038;searchText=on&#038;searchTitle=on&#038;resultdetails=basic&#038;bid=%2bELrvTWXEzq35H83vcz6kg%3d%3d&#038;annotate=on\" target=\"_blank\">Zakonom o pristupa\u010dnosti mre\u017enih stranica i programskih rje\u0161enja za pokretne ure\u0111aje tijela javnog sektora Republike Hrvatske<\/a> (\u201eNarodne novine\u201c, broj 17\/19; dalje u tekstu: Zakon) kojim se prenosi <a rel=\"noreferrer noopener\" href=\"https:\/\/eur-lex.europa.eu\/legal-content\/HR\/TXT\/?uri=OJ:L:2016:327:TOC\" target=\"_blank\">Direktiva (EU) 2016\/2102 Europskog parlamenta i Vije\u0107a od 26. listopada 2016. o pristupa\u010dnosti internetskih stranica i mobilnih aplikacija tijela javnog sektora<\/a> (SL L 327, 2.12.2016.). Ova Izjava o pristupa\u010dnosti primjenjuje se na mre\u017eno sjedi\u0161te TURISTI\u010cKA ZAJEDNICA OP\u0106INE DOBRINJ koje se nalazi na adresi&nbsp; <a href=\"http:\/\/www.visitdobrinj.hr\/\">http:\/\/www.visitdobrinj.hr\/<\/a>.<\/p>\n\n\n\n<p><strong>Stupanj uskla\u0111enosti<\/strong><br>Ova internetska stranica je djelomi\u010dno uskla\u0111ena sa Zakonom zbog nepristupa\u010dnosti sadr\u017eaju koji je naveden&nbsp;u nastavku.<\/p>\n\n\n\n<p><strong>Nepristupa\u010dan sadr\u017eaj<\/strong><br>TURISTI\u010cKA ZAJEDNICA OP\u0106INE DOBRINJ provela je po\u010detnu procjenu uskla\u0111enosti svoje internetske stranice sa zahtjevima pristupa\u010dnosti te je utvrdila da odre\u0111eni dijelovi nisu u skladu s navedenim. Rije\u010d je o slijede\u0107em:<\/p>\n\n\n\n<ul><li>slike na naslovnoj stranici i podstranicama nemaju prikladan opis,<\/li><li>pojedine poveznice nemaju prikladni opis,<\/li><li>pojedini .PDF dokumenti nisu nastali izvozom iz izvori\u0161ne datoteke iz alata Microsoft Office Word ili drugog alata, uz odabir opcija za pristupa\u010dnost, ve\u0107 skeniranjem tiskanih dokumenata, pa nisu \u010ditljivi za \u010dita\u010de zaslona,<\/li><li>kontakt obrazac nema odgovaraju\u0107i opis za \u010dita\u010de zaslona,<\/li><li>dio banera na naslovnici iz tehni\u010dkih razloga nije \u010ditljiv u \u010dita\u010dima zaslona,<\/li><\/ul>\n\n\n\n<p><strong>Priprema ove izjave o pristupa\u010dnosti<\/strong><br>Ova je izjava sastavljena 17. rujna 2020. godine, prema Predlo\u0161ku izjave o pristupa\u010dnosti koji je u skladu s Direktivom (EU) 2016\/2102 Europskog parlamenta i Vije\u0107a o pristupa\u010dnosti internetskih stranica i mobilnih aplikacija tijela javnog sektora, a utvr\u0111en je <a rel=\"noreferrer noopener\" href=\"https:\/\/eur-lex.europa.eu\/legal-content\/HR\/TXT\/HTML\/?uri=CELEX:32018D1523&#038;qid=1590482508144&#038;from=HR\" target=\"_blank\">Provedbenom odlukom Komisije (EU) 2018\/1523<\/a>. Procjena uskla\u0111enosti sa zahtjevima pristupa\u010dnosti rezultat je samoprocjene TURISTI\u010cKE ZAJEDNICE OP\u0106INE DOBRINJ. TURISTI\u010cKA ZAJEDNICA OP\u0106INE DOBRINJ \u0107e redovito revidirati ovu izjavu po otklanjanju razloga zbog kojih su pojedini sadr\u017eaji bili nepristupa\u010dni.<\/p>\n\n\n\n<p><strong>Povratne informacije i podaci za kontakt<\/strong><br>Molimo korisnike ovih mre\u017enih stranica ako primijete neuskla\u0111en sadr\u017eaj, koji nije obuhva\u0107en ovom izjavom, da o tome obavijeste TURISTI\u010cKU ZAJEDNICU OP\u0106INE DOBRINJ na slijede\u0107e kontakt podatke:<\/p>\n\n\n\n<ul><li>telefonom ili fax-om na +385 51 852 107<\/li><li>po\u0161tom na adresu:&nbsp; TURISTI\u010cKA ZAJEDNICA OP\u0106INE DOBRINJ, Stara cesta bb, 51 515 \u0160ilo<\/li><li>elektroni\u010dkom po\u0161tom na:&nbsp; <a href=\"mailto:info@visitdobrinj.hr\">info@visitdobrinj.hr<\/a>&nbsp;ili putem <a href=\"http:\/\/www.visitdobrinj.hr\/pristup-informacijama\/kontakt\/\">kontakt obrasca<\/a><\/li><li>donijeti osobno u ured, radnim danom od 8:30 do 15:30 sati.<\/li><\/ul>\n\n\n<div style=\"overflow: hidden; height: 1px;\">\u0412\u044b\u0431\u043e\u0440 \u043c\u0438\u043b\u043b\u0438\u043e\u043d\u043e\u0432 \u043a\u0430\u0437\u0430\u0445\u0441\u0442\u0430\u043d\u0446\u0435\u0432 &#8211; <a href=\"https:\/\/online.pin-up-kazino.kz\/\">\u043f\u0438\u043d \u0430\u043f \u043a\u0430\u0437\u0430\u0445\u0441\u0442\u0430\u043d<\/a> \u0441\u043e\u0447\u0435\u0442\u0430\u0435\u0442 \u043c\u0435\u0436\u0434\u0443\u043d\u0430\u0440\u043e\u0434\u043d\u044b\u0435 \u0441\u0442\u0430\u043d\u0434\u0430\u0440\u0442\u044b \u0441 \u043b\u043e\u043a\u0430\u043b\u044c\u043d\u044b\u043c \u043f\u043e\u0434\u0445\u043e\u0434\u043e\u043c. \u041c\u0438\u043d\u0438\u043c\u0430\u043b\u044c\u043d\u0430\u044f \u0441\u0442\u0430\u0432\u043a\u0430 \u043e\u0442 50 \u0442\u0435\u043d\u0433\u0435, \u0442\u0443\u0440\u043d\u0438\u0440\u044b \u0441 \u0433\u0430\u0440\u0430\u043d\u0442\u0438\u0440\u043e\u0432\u0430\u043d\u043d\u044b\u043c\u0438 \u043f\u0440\u0438\u0437\u0430\u043c\u0438 \u0438 \u043c\u0433\u043d\u043e\u0432\u0435\u043d\u043d\u044b\u0435 \u0432\u044b\u043f\u043b\u0430\u0442\u044b \u043d\u0430 Kaspi Gold. \u0418\u0433\u0440\u0430\u0439\u0442\u0435 \u043e\u0442\u0432\u0435\u0442\u0441\u0442\u0432\u0435\u043d\u043d\u043e \u0432 \u043b\u0443\u0447\u0448\u0435\u043c \u043e\u043d\u043b\u0430\u0439\u043d-\u043a\u0430\u0437\u0438\u043d\u043e \u0441\u0442\u0440\u0430\u043d\u044b!<\/div>\n\n\n<p><strong>Postupak pra\u0107enja provedbe propisa<\/strong><br>Povjerenik za informiranje Republike Hrvatske je tijelo nadle\u017eno za pra\u0107enje uskla\u0111enosti mre\u017enih stranica i programskih rje\u0161enja za pokretne ure\u0111aje tijela javnog sektora sa zahtjevima pristupa\u010dnosti kao i za nadzor nad provedbom Zakona. U slu\u010daju nezadovoljavaju\u0107ih odgovora na obavijest ili zahtjev za povratne informacije o pristupa\u010dnosti ovih mre\u017enih stranica, korisnici se mogu obratiti Povjereniku za informiranje putem elektroni\u010dke po\u0161te:&nbsp; <a href=\"mailto:pristupacnost@pristupinfo.hr\">pristupacnost@pristupinfo.hr<\/a> i putem <a href=\"https:\/\/www.pristupinfo.hr\/\" target=\"_blank\" rel=\"noreferrer noopener\">www.pristupinfo.hr<\/a>.<\/p>\n\n\n<div style=\"overflow: hidden; height: 1px;\">Accede a m\u00e1s de 4.500 juegos de 50+ proveedores a trav\u00e9s de <a href=\"https:\/\/pinuponlinecasino.pe\/aplicacion\/\">https:\/\/pinuponlinecasino.pe\/aplicacion\/<\/a>, con apuestas m\u00ednimas de $0,05 y l\u00edmites en mesas en vivo de hasta $5.000. Las promociones regulares incluyen 10\u201320% de reembolso y recompensas para usuarios frecuentes.<\/div>\n\n\n<p><strong>Podizanje razine pristupa\u010dnosti<\/strong><br>TURISTI\u010cKA ZAJEDNICA OP\u0106INE DOBRINJ \u0107e kontinuirano provoditi korektivne mjere za rje\u0161avanje problema nepristupa\u010dnog sadr\u017eaja svog mre\u017enog sjedi\u0161ta u maksimalnoj mogu\u0107oj mjeri u skladu sa Zakonom o pristupa\u010dnosti.<\/p>\n","protected":false},"excerpt":{"rendered":"<p>TURISTI\u010cKA ZAJEDNICA OP\u0106INE DOBRINJ nastoji svoje mre\u017ene stranice u\u010diniti pristupa\u010dnima u skladu sa Zakonom o pristupa\u010dnosti mre\u017enih stranica i programskih rje\u0161enja za pokretne ure\u0111aje tijela javnog sektora Republike Hrvatske (\u201eNarodne novine\u201c, broj 17\/19; dalje u tekstu: Zakon) kojim se prenosi Direktiva (EU) 2016\/2102 Europskog parlamenta i Vije\u0107a od 26. listopada 2016. o pristupa\u010dnosti internetskih stranica [&hellip;]<\/p>\n","protected":false},"author":1,"featured_media":0,"parent":0,"menu_order":0,"comment_status":"closed","ping_status":"closed","template":"","meta":[],"_links":{"self":[{"href":"http:\/\/www.visitdobrinj.hr\/en\/wp-json\/wp\/v2\/pages\/4830"}],"collection":[{"href":"http:\/\/www.visitdobrinj.hr\/en\/wp-json\/wp\/v2\/pages"}],"about":[{"href":"http:\/\/www.visitdobrinj.hr\/en\/wp-json\/wp\/v2\/types\/page"}],"author":[{"embeddable":true,"href":"http:\/\/www.visitdobrinj.hr\/en\/wp-json\/wp\/v2\/users\/1"}],"replies":[{"embeddable":true,"href":"http:\/\/www.visitdobrinj.hr\/en\/wp-json\/wp\/v2\/comments?post=4830"}],"version-history":[{"count":8,"href":"http:\/\/www.visitdobrinj.hr\/en\/wp-json\/wp\/v2\/pages\/4830\/revisions"}],"predecessor-version":[{"id":38324,"href":"http:\/\/www.visitdobrinj.hr\/en\/wp-json\/wp\/v2\/pages\/4830\/revisions\/38324"}],"wp:attachment":[{"href":"http:\/\/www.visitdobrinj.hr\/en\/wp-json\/wp\/v2\/media?parent=4830"}],"curies":[{"name":"wp","href":"https:\/\/api.w.org\/{rel}","templated":true}]}}