{"id":70,"date":"2019-04-30T10:58:07","date_gmt":"2019-04-30T10:58:07","guid":{"rendered":"http:\/\/www.visitdobrinj.hr\/?page_id=70"},"modified":"2020-03-05T21:05:49","modified_gmt":"2020-03-05T19:05:49","slug":"ronjenje","status":"publish","type":"page","link":"http:\/\/www.visitdobrinj.hr\/en\/active-holidays\/diving\/","title":{"rendered":"DIVING"},"content":{"rendered":"<p>Except for its rich material heritage, the island of Krk is famous for some unique elements of its scenery painted in two colours specific to the region \u2013 green and blue. The blue asset of the island of Krk, the sea, has been closely connected with the life on the island since ancient times.\u00a0 While the sea has often given itself selflessly to the man, the man has usually taken away from it. However, we should not forget that the man has also often given the most valuable things in his possession to the sea, including his own life. So, in addition to exploring and enjoying the &#8220;green&#8221; part of our region, take a glimpse at, explore and experience the deepest shade of blue \u2013 the underwater world. You can learn basic diving skills or improve the existing ones in <strong>two diving centres in \u0160ilo.<\/strong><\/p>\n<p><strong>The Modrulj diving centre<\/strong> offers organisation of diving courses, excursions, equipment for rent, special weekend promotions (in the low season) and a special attraction \u2013 a night diving on a shipwreck. It also organises accommodation for all its clients.<\/p>\n<p><strong>The Neptun diving centre<\/strong> is fully equipped for organizing diving excursions and courses, as well as for carrying out trainings for all types of technical diving. It also offers accommodation and the divers are transported to the most attractive locations by fast, modern boats.<\/p>\n<p>Among a number of locations attractive to both professional divers and the recreational ones, one stands out in particular, the one that best illustrates the saying &#8220;the sea gives, the sea takes&#8221;.<\/p>\n<p><strong>Neptun Diving Centre<br \/>\n<\/strong>Lokvi\u0161\u0107a 12d, 51515 \u0160ilo<br \/>\n<strong>Tel.:<\/strong> +385 (0)51 604-404<br \/>\n<strong>Fax:<\/strong> +385 (0)51 604-403<br \/>\n<strong>E-mail:<\/strong> <a href=\"mailto:info@neptun-silo.com\">info@neptun-silo.com<\/a><br \/>\n<strong>Web:<\/strong> <a href=\"http:\/\/www.neptun-silo.com\">www.neptun-silo.com<\/a><\/p>\n<p><strong>Modrulj Diving Centre<\/strong><br \/>\nPe\u0107ine 27, 51515 \u0160ilo<br \/>\n<strong>Tel.:<\/strong> +385 (0)98 1881 625<br \/>\n<strong>E-mail:<\/strong> <a href=\"mailto:modrulj@modrulj.hr\">modrulj@modrulj.hr<\/a><\/p>\n","protected":false},"excerpt":{"rendered":"<p>Except for its rich material heritage, the island of Krk is famous for some unique elements of its scenery painted in two colours specific to the region \u2013 green and blue. The blue asset of the island of Krk, the sea, has been closely connected with the life on the island since ancient times.\u00a0 While [&hellip;]<\/p>\n","protected":false},"author":1,"featured_media":0,"parent":62,"menu_order":4,"comment_status":"closed","ping_status":"closed","template":"","meta":[],"_links":{"self":[{"href":"http:\/\/www.visitdobrinj.hr\/en\/wp-json\/wp\/v2\/pages\/70"}],"collection":[{"href":"http:\/\/www.visitdobrinj.hr\/en\/wp-json\/wp\/v2\/pages"}],"about":[{"href":"http:\/\/www.visitdobrinj.hr\/en\/wp-json\/wp\/v2\/types\/page"}],"author":[{"embeddable":true,"href":"http:\/\/www.visitdobrinj.hr\/en\/wp-json\/wp\/v2\/users\/1"}],"replies":[{"embeddable":true,"href":"http:\/\/www.visitdobrinj.hr\/en\/wp-json\/wp\/v2\/comments?post=70"}],"version-history":[{"count":27,"href":"http:\/\/www.visitdobrinj.hr\/en\/wp-json\/wp\/v2\/pages\/70\/revisions"}],"predecessor-version":[{"id":3168,"href":"http:\/\/www.visitdobrinj.hr\/en\/wp-json\/wp\/v2\/pages\/70\/revisions\/3168"}],"up":[{"embeddable":true,"href":"http:\/\/www.visitdobrinj.hr\/en\/wp-json\/wp\/v2\/pages\/62"}],"wp:attachment":[{"href":"http:\/\/www.visitdobrinj.hr\/en\/wp-json\/wp\/v2\/media?parent=70"}],"curies":[{"name":"wp","href":"https:\/\/api.w.org\/{rel}","templated":true}]}}