{"id":96,"date":"2019-04-30T11:18:34","date_gmt":"2019-04-30T11:18:34","guid":{"rendered":"http:\/\/www.visitdobrinj.hr\/?page_id=96"},"modified":"2026-04-03T10:15:10","modified_gmt":"2026-04-03T08:15:10","slug":"iz-rada-tzo-dobrinj","status":"publish","type":"page","link":"http:\/\/www.visitdobrinj.hr\/en\/pristup-informacijama\/iz-rada-tzo-dobrinj\/","title":{"rendered":"Iz rada TZO Dobrinj"},"content":{"rendered":"\n<p><a rel=\"noreferrer noopener\" href=\"http:\/\/www.visitdobrinj.hr\/wp-content\/uploads\/2020\/09\/Statut-TZO-Dobrinj-2020.pdf\" target=\"_blank\">Statut TZO Dobrinj<\/a><br><a rel=\"noreferrer noopener\" href=\"http:\/\/www.visitdobrinj.hr\/wp-content\/uploads\/2021\/04\/Poslovnik-o-radu-Skupstine-TZO-Dobrinj.pdf\" target=\"_blank\">Poslovnik o radu Skup\u0161tine TZO Dobrinj<\/a><br><a href=\"http:\/\/www.visitdobrinj.hr\/wp-content\/uploads\/2024\/08\/Poslovnik-o-radu-Turistickog-vijeca-TZO-Dobrinj-2024.pdf\" target=\"_blank\" rel=\"noreferrer noopener\">Poslovnik o radu Turisti\u010dkog vije\u0107a TZO Dobrinj<\/a><br><a rel=\"noreferrer noopener\" href=\"http:\/\/www.visitdobrinj.hr\/wp-content\/uploads\/2024\/04\/Poslovnik-o-radu-Poslovnog-odbora-TZO-Dobrinj.pdf\" target=\"_blank\">Poslovnik o radu Poslovnog odbora TZO Dobrinj<\/a><br><a rel=\"noreferrer noopener\" href=\"http:\/\/www.visitdobrinj.hr\/wp-content\/uploads\/2024\/04\/Pravilnik-o-radu-TZO-Dobrinj.pdf\" target=\"_blank\">Pravilnik o radu TZO Dobrinj<\/a><\/p>\n\n\n\n<div class=\"wp-block-group\"><div class=\"wp-block-group__inner-container\">\n<ul><li><a href=\"http:\/\/www.visitdobrinj.hr\/wp-content\/uploads\/2026\/04\/Izvjesce-o-izvrsenju-programa-rada-za-2025.-godinu.pdf\" target=\"_blank\" rel=\"noreferrer noopener\">Izvje\u0161\u0107e o izvr\u0161enju programa rada za 2025. godinu<\/a><\/li><li><a rel=\"noreferrer noopener\" href=\"http:\/\/www.visitdobrinj.hr\/wp-content\/uploads\/2026\/02\/Godisnji-program-rada-i-financijski-plana-za-2026.-godinu.pdf\" target=\"_blank\">Godi\u0161nji program rada i financijski plana za 2026. godinu<\/a><\/li><li><a rel=\"noreferrer noopener\" href=\"http:\/\/www.visitdobrinj.hr\/wp-content\/uploads\/2026\/02\/Odluka-o-visini-turisticke-pristojbe-na-podrucju-PGZ-za-2027.-godinu.pdf\" target=\"_blank\">Odluka o visini turisti\u010dke pristojbe na podru\u010dju PG\u017d za 2027. godinu<\/a><\/li><li><a rel=\"noreferrer noopener\" href=\"http:\/\/www.visitdobrinj.hr\/wp-content\/uploads\/2025\/04\/Izvjestaj-o-izvrsenju-programa-rada-za-2024.-godinu.pdf\" target=\"_blank\">Izvje\u0161\u0107e o izvr\u0161enju programa rada za 2024. godinu<\/a><\/li><li><a rel=\"noreferrer noopener\" href=\"http:\/\/www.visitdobrinj.hr\/wp-content\/uploads\/2025\/04\/Odluka-o-visini-turisticke-pristojbe-na-podrucju-PGZ-za-2026.-godinu.pdf\" target=\"_blank\">Odluka o visini turisti\u010dke pristojbe na podru\u010dju PG\u017d za 2026. godinu<\/a><\/li><li><a rel=\"noreferrer noopener\" href=\"http:\/\/www.visitdobrinj.hr\/wp-content\/uploads\/2025\/01\/Godisnji-program-rada-i-financijski-plan-za-2025.-godinu.pdf\" target=\"_blank\" data-type=\"URL\" data-id=\"http:\/\/www.visitdobrinj.hr\/wp-content\/uploads\/2025\/01\/Godisnji-program-rada-i-financijski-plan-za-2025.-godinu.pdf\">Godi\u0161nji program rada i financijski plana za 2025. godinu<\/a><\/li><li><a rel=\"noreferrer noopener\" href=\"http:\/\/www.visitdobrinj.hr\/wp-content\/uploads\/2025\/01\/Izmjene-financijskog-plana-i-plana-rada-za-2024.-godinu.pdf\" target=\"_blank\" data-type=\"URL\" data-id=\"http:\/\/www.visitdobrinj.hr\/wp-content\/uploads\/2025\/01\/Izmjene-financijskog-plana-i-plana-rada-za-2024.-godinu.pdf\">Izmjene financijskog plana i plana rada za 2024. godinu<\/a><\/li><li><a rel=\"noopener noreferrer\" href=\"http:\/\/www.visitdobrinj.hr\/wp-content\/uploads\/2024\/04\/Odluka-o-visini-turisticke-pristojbe-u-Opcini-Dobrinj-za-2025.-godinu.pdf\" target=\"_blank\">Odluka o visini turisti\u010dke pristojbe u Op\u0107ini Dobrinj za 2025. godinu<\/a><\/li><li><a rel=\"noopener noreferrer\" href=\"http:\/\/www.visitdobrinj.hr\/wp-content\/uploads\/2024\/04\/Izvjesce-o-izvrsenju-programa-rada-za-2023.-godinu.pdf\" target=\"_blank\">Izvje\u0161\u0107e o izvr\u0161enju programa rada za 2023. godinu<\/a><\/li><li><a rel=\"noreferrer noopener\" href=\"http:\/\/www.visitdobrinj.hr\/wp-content\/uploads\/2024\/01\/Program-rada-i-financijski-plana-za-2024.-godinu.pdf\" target=\"_blank\">Godi\u0161nji program rada i financijski plana za 2024. godinu<\/a><\/li><li><a rel=\"noopener\" href=\"http:\/\/www.visitdobrinj.hr\/wp-content\/uploads\/2023\/03\/Odluka-o-visini-turisticke-pristojbe-u-Opcini-Dobirnj-za-2024.-godinu.pdf\" target=\"_blank\">Odluka o visini turisti\u010dke pristojbe u Op\u0107ini Dobirnj za 2024. godinu<\/a><\/li><li><a rel=\"noreferrer noopener\" href=\"http:\/\/www.visitdobrinj.hr\/wp-content\/uploads\/2024\/01\/Izmjene-financijskog-plana-i-plana-rada-za-2023.-godinu.pdf\" target=\"_blank\">Izmjene financijskog plana i plana rada za 2023. godinu<\/a><\/li><li><a rel=\"noopener\" href=\"http:\/\/www.visitdobrinj.hr\/wp-content\/uploads\/2023\/01\/Godisnji-program-rada-za-2023.-godinu.pdf\" target=\"_blank\">Godi\u0161nji program rada i financijski plan za 2023. godinu<\/a><\/li><li><a rel=\"noreferrer noopener\" href=\"http:\/\/www.visitdobrinj.hr\/wp-content\/uploads\/2022\/10\/Odluka-o-visini-turisticke-pristojbe-u-Opcini-Dobrinj-za-2023.-godinu.pdf\" target=\"_blank\" data-type=\"URL\" data-id=\"http:\/\/www.visitdobrinj.hr\/wp-content\/uploads\/2022\/10\/Odluka-o-visini-turisticke-pristojbe-u-Opcini-Dobrinj-za-2023.-godinu.pdf\">Odluka o visini turisti\u010dke pristojbe u Op\u0107ini Dobrinj za 2023. godinu<\/a><\/li><li><a rel=\"noreferrer noopener\" href=\"http:\/\/www.visitdobrinj.hr\/wp-content\/uploads\/2024\/01\/Izvjesce-o-izvrsenju-programa-rada-za-2022.-godinu.pdf\" target=\"_blank\">Izvje\u0161\u0107e o izvr\u0161enju programa rada za 2022. godinu<\/a><\/li><li><a rel=\"noopener\" href=\"http:\/\/www.visitdobrinj.hr\/wp-content\/uploads\/2023\/01\/Izmjene-godisnjeg-programa-rada-za-2022.-godinu.pdf\" target=\"_blank\">Izmjene financijskog plana i plana rada za 2022. godinu<\/a><\/li><li><a rel=\"noopener\" href=\"http:\/\/www.visitdobrinj.hr\/wp-content\/uploads\/2021\/12\/Godisnji-program-rada-za-2022.-godinu.pdf\" target=\"_blank\">Godi\u0161nji program rada i financijski plan za 2022. godinu<\/a><\/li><li><a rel=\"noopener\" href=\"http:\/\/www.visitdobrinj.hr\/wp-content\/uploads\/2022\/05\/Izvjesce-o-izvrsenju-programa-rada-za-2021.-godinu.pdf\" target=\"_blank\">Izvje\u0161taj o izvr\u0161enju plana rada za 2021. godinu<\/a><\/li><li><a rel=\"noopener\" href=\"http:\/\/www.visitdobrinj.hr\/wp-content\/uploads\/2021\/12\/Izmjene-godisnjeg-programa-rada-za-2021.-godinu-1.pdf\" target=\"_blank\">Izmjene godi\u0161njeg programa rada za 2021. godinu<\/a><\/li><li><a rel=\"noopener\" href=\"http:\/\/www.visitdobrinj.hr\/wp-content\/uploads\/2021\/04\/Godisnji-program-rada-za-2021.-godinu.pdf\" target=\"_blank\">Godi\u0161nji program rada za 2021. godinu<\/a><\/li><li><a rel=\"noopener\" href=\"http:\/\/www.visitdobrinj.hr\/wp-content\/uploads\/2021\/04\/Izvjestaj-o-izvrsenju-plana-rada-za-2020.-godinu.pdf\" target=\"_blank\">Izvje\u0161taj o izvr\u0161enju plana rada za 2020. godinu<\/a><\/li><li><a rel=\"noopener\" href=\"http:\/\/www.visitdobrinj.hr\/wp-content\/uploads\/2021\/04\/Rebalans-financijskog-plana-za-2020.-godinu.pdf\" target=\"_blank\">Rebalans financijskog plana za 2020. godinu<\/a><\/li><li><a rel=\"noopener noreferrer\" href=\"http:\/\/www.visitdobrinj.hr\/wp-content\/uploads\/2019\/12\/Program_rada_i_financijski_plan_za_2020_godinu.pdf\" target=\"_blank\">Program rada i financijski plan za 2020. godinu<\/a><\/li><li><a rel=\"noopener noreferrer\" href=\"http:\/\/www.visitdobrinj.hr\/wp-content\/uploads\/2019\/12\/plan_rada_i_financijski_plan_za_2019.-godinu.pdf\" target=\"_blank\">Plana rada i financijski plan za 2019. godinu<\/a><\/li><li><a rel=\"noopener noreferrer\" href=\"http:\/\/www.visitdobrinj.hr\/wp-content\/uploads\/2019\/12\/Program-rada-i-financijski-plan-2018.pdf\" target=\"_blank\">Program rada i financijski plan za 2018. godinu<\/a><\/li><li><a rel=\"noopener noreferrer\" href=\"http:\/\/www.visitdobrinj.hr\/wp-content\/uploads\/2019\/12\/prijedlog-rebalansa-financijskog-plana.pdf\" target=\"_blank\">Prijedlog rebalansa financijskog plana za 2018. godinu<\/a><\/li><li><a rel=\"noopener noreferrer\" href=\"http:\/\/www.visitdobrinj.hr\/wp-content\/uploads\/2019\/12\/plan-rada-i-financijski-plan-za-2017.pdf\" target=\"_blank\">Plana rada i financijski plan za 2017. godinu<\/a><\/li><li><a rel=\"noopener noreferrer\" href=\"http:\/\/www.visitdobrinj.hr\/wp-content\/uploads\/2020\/09\/Zavrsni-racun-za-2019.-godinu.pdf\" target=\"_blank\">Zavr\u0161ni ra\u010dun za 2019. godinu<\/a><\/li><li><a rel=\"noopener noreferrer\" href=\"http:\/\/www.visitdobrinj.hr\/wp-content\/uploads\/2019\/12\/Zavrsni_racun_za_2018_godinu.pdf\" target=\"_blank\">Zavrsni ra\u010dun za 2018. godinu<\/a><\/li><li><a rel=\"noopener noreferrer\" href=\"http:\/\/www.visitdobrinj.hr\/wp-content\/uploads\/2019\/12\/zavrsni-racun-2017.pdf\" target=\"_blank\">Zavr\u0161ni ra\u010dun za 2017. godinu<\/a><\/li><li><a rel=\"noopener noreferrer\" href=\"http:\/\/www.visitdobrinj.hr\/wp-content\/uploads\/2019\/12\/zavrsni-racun-2016.pdf\" target=\"_blank\">Zavr\u0161ni ra\u010dun za 2016. godinu<\/a><\/li><\/ul>\n\n\n\n<ul><li><a href=\"http:\/\/www.visitdobrinj.hr\/wp-content\/uploads\/2026\/04\/Izvjestaj-o-obavljenom-nadzoru-poslovanja-za-2025.-godinu.pdf\" target=\"_blank\" rel=\"noreferrer noopener\">Izvje\u0161taj o provedenom nadzoru poslovanja za 2025. godinu<\/a><\/li><li><a rel=\"noreferrer noopener\" href=\"http:\/\/www.visitdobrinj.hr\/wp-content\/uploads\/2025\/04\/Izvjestaj-o-provedenom-nadzoru-poslovanja-za-2024.-godinu.pdf\" target=\"_blank\">Izvje\u0161taj o provedenom nadzoru poslovanja za 2024. godinu<\/a><\/li><li><a rel=\"noreferrer noopener\" href=\"http:\/\/www.visitdobrinj.hr\/wp-content\/uploads\/2024\/07\/Izvjestaj-o-provedenom-nadzoru-poslovanja-za-2023.-godinu.pdf\" target=\"_blank\">Izvje\u0161taj o provedenom nadzoru poslovanja za 2023. godinu<\/a><\/li><li><a rel=\"noreferrer noopener\" href=\"http:\/\/www.visitdobrinj.hr\/wp-content\/uploads\/2024\/07\/Izvjestaj-o-provedenom-nadzoru-poslovanja-za-2022.-godinu.pdf\" data-type=\"URL\" data-id=\"http:\/\/www.visitdobrinj.hr\/wp-content\/uploads\/2024\/07\/Izvjestaj-o-provedenom-nadzoru-poslovanja-za-2022.-godinu.pdf\" target=\"_blank\">Izvje\u0161taj o provedenom nadzoru poslovanja za 2022. godinu<\/a><\/li><li><a rel=\"noreferrer noopener\" href=\"http:\/\/www.visitdobrinj.hr\/wp-content\/uploads\/2024\/07\/Izvjestaj-o-provedenom-nadzoru-poslovanja-za-2021.-godinu.pdf\" data-type=\"URL\" data-id=\"http:\/\/www.visitdobrinj.hr\/wp-content\/uploads\/2024\/07\/Izvjestaj-o-provedenom-nadzoru-poslovanja-za-2021.-godinu.pdf\" target=\"_blank\">Izvje\u0161taj o provedenom nadzoru poslovanja za 2021. godinu<\/a><\/li><li><a rel=\"noreferrer noopener\" href=\"http:\/\/www.visitdobrinj.hr\/wp-content\/uploads\/2024\/07\/Izvjestaj-o-provedenom-nadzoru-poslovanja-za-2020.-godinu.pdf\" data-type=\"URL\" data-id=\"http:\/\/www.visitdobrinj.hr\/wp-content\/uploads\/2024\/07\/Izvjestaj-o-provedenom-nadzoru-poslovanja-za-2020.-godinu.pdf\" target=\"_blank\">Izvje\u0161taj o provedenom nadzoru poslovanja za 2020. godinu<\/a><\/li><\/ul>\n\n\n\n<ul><li><a rel=\"noopener noreferrer\" href=\"https:\/\/narodne-novine.nn.hr\/clanci\/sluzbeni\/2013_02_25_403.html\" target=\"_blank\">Odluka o progla\u0161enju zakona o pravu na pristup informacijama<\/a><\/li><li><a rel=\"noopener noreferrer\" href=\"https:\/\/narodne-novine.nn.hr\/clanci\/sluzbeni\/2015_08_85_1649.html\" target=\"_blank\">Odluka o progla\u0161enju zakona o izmjenama i dopunama zakona o pravu na pristup informacijama<\/a><\/li><li><a href=\"http:\/\/www.visitdobrinj.hr\/wp-content\/uploads\/2026\/02\/Izvjesce-o-provedbi-Zakona-o-pravu-na-pristup-informacijama-za-2025.-godinu.pdf\" target=\"_blank\" rel=\"noreferrer noopener\">Izvje\u0161\u0107e o provedbi Zakona o pravu na pristup informacijama za 2025. godinu<\/a><\/li><li><a rel=\"noreferrer noopener\" href=\"http:\/\/www.visitdobrinj.hr\/wp-content\/uploads\/2025\/04\/Izvjesce-o-provedbi-Zakona-o-pravu-na-pristup-informacijama-za-2024.godinu.pdf\" target=\"_blank\">Izvje\u0161\u0107e o provedbi Zakona o pravu na pristup informacijama za 2024. godinu<\/a><\/li><li><a rel=\"noopener noreferrer\" href=\"http:\/\/www.visitdobrinj.hr\/wp-content\/uploads\/2024\/04\/Izvjestaj-o-provedbi-Zakona-o-pravu-na-pristup-informacijama-za-2023-godinu.pdf\" target=\"_blank\">Izvje\u0161\u0107e o provedbi Zakona o pravu na pristup informacijama za 2023. godinu<\/a><\/li><li><a rel=\"noopener\" href=\"http:\/\/www.visitdobrinj.hr\/wp-content\/uploads\/2023\/01\/Izvjesce-o-provedbi-Zakona-o-pravu-na-pristup-informacijama-za-2022.-godinu.pdf\" target=\"_blank\">Izvje\u0161\u0107e o provedbi Zakona o pravu na pristup informacijama za 2022. godinu<\/a><\/li><li><a rel=\"noopener\" href=\"http:\/\/www.visitdobrinj.hr\/wp-content\/uploads\/2022\/02\/Izvjesce-o-provedbi-Zakona-o-pravu-na-pristup-informacijama-za-2021.-godinu.pdf\" target=\"_blank\">Izvje\u0161\u0107e o provedbi Zakona o pravu na pristup informacijama za 2021. godinu<\/a><\/li><li><a rel=\"noopener\" href=\"http:\/\/www.visitdobrinj.hr\/wp-content\/uploads\/2021\/04\/Izvjesce-o-provedbi-zakona-o-pravu-na-pristup-informacijama-za-2020.-godinu.pdf\" target=\"_blank\">Izvje\u0161\u0107e o provedbi Zakona o pravu na pristup informacijama za 2020. godinu<\/a><\/li><li><a rel=\"noopener\" href=\"http:\/\/www.visitdobrinj.hr\/wp-content\/uploads\/2021\/04\/Izvjesce-o-provedbi-zakona-o-pravu-na-pristup-informacijama-za-2019.-godinu.pdf\" target=\"_blank\">Izvje\u0161\u0107e o provedbi Zakona o pravu na pristup informacijama za 2019. godinu<\/a><\/li><li><a rel=\"noopener noreferrer\" href=\"http:\/\/www.visitdobrinj.hr\/wp-content\/uploads\/2019\/12\/godisnje-izvjesce-o-pravu-na-pristup-informacijama-za-2018-godinu.pdf\" target=\"_blank\">Izvje\u0161\u0107e o provedbi Zakona o pravu na pristup informacijama za 2018. godinu<\/a><\/li><li><a rel=\"noopener noreferrer\" href=\"http:\/\/www.visitdobrinj.hr\/wp-content\/uploads\/2019\/12\/godisnje_izvjesce_2017.pdf\" target=\"_blank\">Izvje\u0161\u0107e o provedbi Zakona o pravu na pristup informacijama za 2017. godinu<\/a><\/li><li><a rel=\"noopener noreferrer\" href=\"http:\/\/www.visitdobrinj.hr\/wp-content\/uploads\/2019\/12\/godisnje_izvjesce_2017.csv\" target=\"_blank\">Izvje\u0161\u0107e o provedbi Zakona o pravu na pristup informacijama za 2017. godinu .csv<\/a><\/li><li><a rel=\"noopener noreferrer\" href=\"http:\/\/www.visitdobrinj.hr\/wp-content\/uploads\/2019\/12\/godisnje-izvjesce.pdf\" target=\"_blank\">Izvje\u0161\u0107e o provedbi Zakona o pravu na pristup informacijama za 2016. godinu<\/a><\/li><\/ul>\n<\/div><\/div>\n\n\n\n<p><\/p>\n","protected":false},"excerpt":{"rendered":"<p>Statut TZO DobrinjPoslovnik o radu Skup\u0161tine TZO DobrinjPoslovnik o radu Turisti\u010dkog vije\u0107a TZO DobrinjPoslovnik o radu Poslovnog odbora TZO DobrinjPravilnik o radu TZO Dobrinj<\/p>\n","protected":false},"author":1,"featured_media":0,"parent":88,"menu_order":4,"comment_status":"closed","ping_status":"closed","template":"","meta":[],"_links":{"self":[{"href":"http:\/\/www.visitdobrinj.hr\/en\/wp-json\/wp\/v2\/pages\/96"}],"collection":[{"href":"http:\/\/www.visitdobrinj.hr\/en\/wp-json\/wp\/v2\/pages"}],"about":[{"href":"http:\/\/www.visitdobrinj.hr\/en\/wp-json\/wp\/v2\/types\/page"}],"author":[{"embeddable":true,"href":"http:\/\/www.visitdobrinj.hr\/en\/wp-json\/wp\/v2\/users\/1"}],"replies":[{"embeddable":true,"href":"http:\/\/www.visitdobrinj.hr\/en\/wp-json\/wp\/v2\/comments?post=96"}],"version-history":[{"count":79,"href":"http:\/\/www.visitdobrinj.hr\/en\/wp-json\/wp\/v2\/pages\/96\/revisions"}],"predecessor-version":[{"id":38772,"href":"http:\/\/www.visitdobrinj.hr\/en\/wp-json\/wp\/v2\/pages\/96\/revisions\/38772"}],"up":[{"embeddable":true,"href":"http:\/\/www.visitdobrinj.hr\/en\/wp-json\/wp\/v2\/pages\/88"}],"wp:attachment":[{"href":"http:\/\/www.visitdobrinj.hr\/en\/wp-json\/wp\/v2\/media?parent=96"}],"curies":[{"name":"wp","href":"https:\/\/api.w.org\/{rel}","templated":true}]}}