{"id":98,"date":"2019-04-30T11:19:20","date_gmt":"2019-04-30T11:19:20","guid":{"rendered":"http:\/\/www.visitdobrinj.hr\/?page_id=98"},"modified":"2020-07-26T22:21:12","modified_gmt":"2020-07-26T20:21:12","slug":"zastita-osobnih-podataka","status":"publish","type":"page","link":"http:\/\/www.visitdobrinj.hr\/en\/pristup-informacijama\/zastita-osobnih-podataka\/","title":{"rendered":"Za\u0161tita osobnih podataka"},"content":{"rendered":"<p>Molimo vrlo pa\u017eljivo i potpuno pro\u010ditajte Politiku za\u0161tite osobnih podataka <strong>klikom na sli\u010dicu<\/strong> (widget) <strong>&#8220;Za\u0161tita podaka&#8221;<\/strong>.<\/p>\n<p><a href=\"https:\/\/www.gdpr-portal.net\/klijent\/tz-opcine-dobrinj\" target=\"_blank\" rel=\"noopener noreferrer\"><img loading=\"lazy\" class=\"aligncenter wp-image-3656 size-full\" src=\"http:\/\/www.visitdobrinj.hr\/wp-content\/uploads\/2020\/07\/zastita-dobrinj.jpg\" alt=\"\" width=\"606\" height=\"308\" srcset=\"http:\/\/www.visitdobrinj.hr\/wp-content\/uploads\/2020\/07\/zastita-dobrinj.jpg 606w, http:\/\/www.visitdobrinj.hr\/wp-content\/uploads\/2020\/07\/zastita-dobrinj-300x152.jpg 300w\" sizes=\"(max-width: 606px) 100vw, 606px\" \/><\/a><\/p>\n\n\n<p>Pristupom na na\u0161u web stranicu potvr\u0111ujete da ste pro\u010ditali, razumjeli i da se sla\u017eete sa svim uvjetima povjerljivosti podataka i na\u010dinima kori\u0161tenja. Va\u0161i osobni podaci ne prikupljaju se pregledavanjem na\u0161e slu\u017ebene web stranice.  <\/p>\n\n\n\n<p>Molimo Vas da Politiku povremeno provjerite s obzirom na mogu\u0107e izmjene koje \u0107e biti prikazane na stranici. <\/p>\n","protected":false},"excerpt":{"rendered":"<p>Molimo vrlo pa\u017eljivo i potpuno pro\u010ditajte Politiku za\u0161tite osobnih podataka klikom na sli\u010dicu (widget) &#8220;Za\u0161tita podaka&#8221;. Pristupom na na\u0161u web stranicu potvr\u0111ujete da ste pro\u010ditali, razumjeli i da se sla\u017eete sa svim uvjetima povjerljivosti podataka i na\u010dinima kori\u0161tenja. Va\u0161i osobni podaci ne prikupljaju se pregledavanjem na\u0161e slu\u017ebene web stranice. Molimo Vas da Politiku povremeno provjerite [&hellip;]<\/p>\n","protected":false},"author":1,"featured_media":0,"parent":88,"menu_order":5,"comment_status":"closed","ping_status":"closed","template":"","meta":[],"_links":{"self":[{"href":"http:\/\/www.visitdobrinj.hr\/en\/wp-json\/wp\/v2\/pages\/98"}],"collection":[{"href":"http:\/\/www.visitdobrinj.hr\/en\/wp-json\/wp\/v2\/pages"}],"about":[{"href":"http:\/\/www.visitdobrinj.hr\/en\/wp-json\/wp\/v2\/types\/page"}],"author":[{"embeddable":true,"href":"http:\/\/www.visitdobrinj.hr\/en\/wp-json\/wp\/v2\/users\/1"}],"replies":[{"embeddable":true,"href":"http:\/\/www.visitdobrinj.hr\/en\/wp-json\/wp\/v2\/comments?post=98"}],"version-history":[{"count":12,"href":"http:\/\/www.visitdobrinj.hr\/en\/wp-json\/wp\/v2\/pages\/98\/revisions"}],"predecessor-version":[{"id":3665,"href":"http:\/\/www.visitdobrinj.hr\/en\/wp-json\/wp\/v2\/pages\/98\/revisions\/3665"}],"up":[{"embeddable":true,"href":"http:\/\/www.visitdobrinj.hr\/en\/wp-json\/wp\/v2\/pages\/88"}],"wp:attachment":[{"href":"http:\/\/www.visitdobrinj.hr\/en\/wp-json\/wp\/v2\/media?parent=98"}],"curies":[{"name":"wp","href":"https:\/\/api.w.org\/{rel}","templated":true}]}}