{"id":32,"date":"2019-04-30T10:46:21","date_gmt":"2019-04-30T10:46:21","guid":{"rendered":"http:\/\/www.visitdobrinj.hr\/?page_id=32"},"modified":"2020-03-04T12:02:04","modified_gmt":"2020-03-04T10:02:04","slug":"polozaj","status":"publish","type":"page","link":"http:\/\/www.visitdobrinj.hr\/it\/due-parole-sulla-destinazione\/la-posizione-geografica\/","title":{"rendered":"La posizione geografica"},"content":{"rendered":"<p>Dobrinj sorge a duecento metri sul livello del mare. \u00c8 il centro attorno a cui ruotano circa venti tra casolari e minuscoli abitati che insieme formano il comprensorio del comune di Dobrinj ossia, nel dialetto locale, il \u201cDobrinjsko\u201d. Bench\u00e9 situato nella parte nord-orientale dell\u2019isola di Krk (Veglia), il territorio di Dobrinj comprende anche parte del versante orientale dell\u2019isola. Dal punto di vista geografico, possiamo suddividere l\u2019area del Dobrinjsko in tre parti: Dobrinj, quale cuore ed entit\u00e0 a s\u00e9 stante del territorio, gli abitati affacciati sul mare (\u0160ilo, Klimno, \u010ci\u017ei\u0107i, Soline, Meline e Rudine) e gli abitati sparsi nell\u2019entroterra (Polje, \u017destilac, Sveti Vid, Gostinjac, Hlapa, \u017dupanje, Kras, Gabonjin, Sveti Ivan, Rasopasno, Su\u017ean, Tribulje e Klanice). Cinquant\u2019anni fa, tra i paesini dell\u2019entroterra avremmo dovuto enumerare anche Dolovo, oggi villaggio fantasma tra Dobrinj e Kras. La suddivisione orografica prevede, invece, due aree ben distinte: la \u201cZona alta\u201d (Dobrinj, Kras e Gabonjin) e la \u201cZona bassa\u201d (Cala Soline).<\/p>\n<p>La dispersione sul territorio di diversi abitati e, d\u2019altro canto, il loro essere vicendevolmente connessi da legami spaziali e culturali, \u00e8 una delle specificit\u00e0 di questo territorio che lo rende diverso da ogni altra area dell\u2019isola di Krk.<\/p>\n","protected":false},"excerpt":{"rendered":"<p>Dobrinj sorge a duecento metri sul livello del mare. \u00c8 il centro attorno a cui ruotano circa venti tra casolari e minuscoli abitati che insieme formano il comprensorio del comune di Dobrinj ossia, nel dialetto locale, il \u201cDobrinjsko\u201d. Bench\u00e9 situato nella parte nord-orientale dell\u2019isola di Krk (Veglia), il territorio di Dobrinj comprende anche parte del [&hellip;]<\/p>\n","protected":false},"author":1,"featured_media":0,"parent":30,"menu_order":1,"comment_status":"closed","ping_status":"closed","template":"","meta":[],"_links":{"self":[{"href":"http:\/\/www.visitdobrinj.hr\/it\/wp-json\/wp\/v2\/pages\/32"}],"collection":[{"href":"http:\/\/www.visitdobrinj.hr\/it\/wp-json\/wp\/v2\/pages"}],"about":[{"href":"http:\/\/www.visitdobrinj.hr\/it\/wp-json\/wp\/v2\/types\/page"}],"author":[{"embeddable":true,"href":"http:\/\/www.visitdobrinj.hr\/it\/wp-json\/wp\/v2\/users\/1"}],"replies":[{"embeddable":true,"href":"http:\/\/www.visitdobrinj.hr\/it\/wp-json\/wp\/v2\/comments?post=32"}],"version-history":[{"count":6,"href":"http:\/\/www.visitdobrinj.hr\/it\/wp-json\/wp\/v2\/pages\/32\/revisions"}],"predecessor-version":[{"id":3107,"href":"http:\/\/www.visitdobrinj.hr\/it\/wp-json\/wp\/v2\/pages\/32\/revisions\/3107"}],"up":[{"embeddable":true,"href":"http:\/\/www.visitdobrinj.hr\/it\/wp-json\/wp\/v2\/pages\/30"}],"wp:attachment":[{"href":"http:\/\/www.visitdobrinj.hr\/it\/wp-json\/wp\/v2\/media?parent=32"}],"curies":[{"name":"wp","href":"https:\/\/api.w.org\/{rel}","templated":true}]}}