{"id":60,"date":"2019-04-30T10:54:26","date_gmt":"2019-04-30T10:54:26","guid":{"rendered":"http:\/\/www.visitdobrinj.hr\/?page_id=60"},"modified":"2025-07-21T13:24:11","modified_gmt":"2025-07-21T11:24:11","slug":"kampovi","status":"publish","type":"page","link":"http:\/\/www.visitdobrinj.hr\/it\/alloggio\/campeggio\/","title":{"rendered":"CAMPEGGIO"},"content":{"rendered":"<p><strong>L\u2019area che gravita attorno a Dobrinj, s&#8217;\u00e8 detto, ha tanti pregi e vantaggi, ma anche un piccolo difetto: non ha strutture alberghiere. All&#8217;apparenza negativa, questa caratteristica s&#8217;\u00e8 dimostrata addirittura un vantaggio. Quest&#8217;area, difatti, \u00e8 meta di chi, oppresso dal logorio e dai ritmi frenetici della vita moderna, \u00e8 in cerca del relax psicofisico pi\u00f9 totale. <\/strong><\/p>\n<p>Oltre all&#8217;alloggio in appartamenti, pensioni e camere in affitto, i turisti hanno la possibilit\u00e0 di soggiornare anche nelle c.d. <strong>case-vacanza<\/strong>, le cui linee architettoniche ed i cui arredi sia interni, sia esterni evocano in tutto e per tutto il passato di Dobrinj.<\/p>\n<p>Chi preferisce soggiornare a contatto con la natura, nel comprensorio del comune di Dobrinj trover\u00e0 anche due moderne strutture per il campeggio.<\/p>\n<p><strong>Il campeggio \u201cSlamni\u201d di Klimno<\/strong>\u00a0e\u00a0<strong>il campeggio<\/strong> <strong>\u201cTiha\u201c di \u0160ilo<\/strong>.\u00a0 Comunque scegliate, una cosa \u00e8 certa: \u00e8 statisticamente provato che avrete la fortuna di trascorrere le vacanze in due delle strutture campeggistiche pi\u00f9 frequentate e popolari dell\u2019isola di Krk!<\/p>\n<h2>Campeggio \u201cSlamni\u201d, Klimno<\/h2>\n<p>Con le sue quattro stelle, il <strong>campeggio \u201cSlamni\u201d di Klimno<\/strong>\u00a0deve il proprio nome alla sua posizione geografica, proteso com\u2019\u00e8 su una parte dell\u2019omonima cala (cala Slamni) dominata da una bella spiaggia di ghiaia. In sintonia con la propria offerta, dalle unit\u00e0 ricettive ai contenuti dedicati allo svago, lo \u201cSlamni\u201d \u00e8 noto come ideale <strong>campeggio per il riposo e la salute della famiglia<\/strong>.<\/p>\n<p><strong>Campeggio \u201cSlamni\u201d ****<\/strong><br \/>\nKlimno 8A, 51514 Dobrinj<br \/>\n<strong>Tel.:<\/strong> +385 51 853-169<br \/>\n<strong>Fax:<\/strong> +385 51 853-178<br \/>\n<strong>E-mail:<\/strong> <a href=\"mailto:info@kampslamni.com.hr\">info@kampslamni.com.hr<\/a><br \/>\n<a href=\"http:\/\/www.kampslamni.com.hr\/\">www.kampslamni.com.hr<\/a><\/p>\n<h2>Campeggio \u201cTiha\u201d, \u0160ilo<\/h2>\n<p>La ricca offerta di alloggi del <strong>campeggio Tiha \u0160ilo<\/strong> soddisfer\u00e0 anche l\u2019ospite pi\u00f9 esigente. Lussuose case mobili splendidamente arredate e decorate nello spirito del Mediterraneo, uno spazio speciale per i visitatori \u2013 campeggiatori, piazzole attrezzate all\u2019ombra dei pini\u2026 sono solo una parte dell\u2019interessante scelta. Il campeggio Tiha \u0160ilo offre anche appartamenti con terrazza e vista sul mare, che donano pace e comfort a ogni ospite.<\/p>\n<p><strong>Campeggio \u201cTiha\u201d ****<\/strong><br \/>\nKonjska bb, 51515 \u0160ilo<br \/>\n<strong>Tel.:<\/strong> +385 51 852-120, 850-129<br \/>\n<strong>Fax:<\/strong> +385 51 850-259<br \/>\n<strong>E-mail:<\/strong> <a href=\"mailto:camp.silo@gppmikic.com\">camp.silo@gppmikic.com<\/a><br \/>\n<a href=\"https:\/\/malin-krk.com\/it\/campeggio-tiha-silo\/\" target=\"_blank\" rel=\"noopener\">www.malin-krk.com\/it\/campeggio-tiha-silo\/<\/a><\/p>\n","protected":false},"excerpt":{"rendered":"<p>L\u2019area che gravita attorno a Dobrinj, s&#8217;\u00e8 detto, ha tanti pregi e vantaggi, ma anche un piccolo difetto: non ha strutture alberghiere. All&#8217;apparenza negativa, questa caratteristica s&#8217;\u00e8 dimostrata addirittura un vantaggio. Quest&#8217;area, difatti, \u00e8 meta di chi, oppresso dal logorio e dai ritmi frenetici della vita moderna, \u00e8 in cerca del relax psicofisico pi\u00f9 totale. [&hellip;]<\/p>\n","protected":false},"author":1,"featured_media":0,"parent":56,"menu_order":2,"comment_status":"closed","ping_status":"closed","template":"","meta":[],"_links":{"self":[{"href":"http:\/\/www.visitdobrinj.hr\/it\/wp-json\/wp\/v2\/pages\/60"}],"collection":[{"href":"http:\/\/www.visitdobrinj.hr\/it\/wp-json\/wp\/v2\/pages"}],"about":[{"href":"http:\/\/www.visitdobrinj.hr\/it\/wp-json\/wp\/v2\/types\/page"}],"author":[{"embeddable":true,"href":"http:\/\/www.visitdobrinj.hr\/it\/wp-json\/wp\/v2\/users\/1"}],"replies":[{"embeddable":true,"href":"http:\/\/www.visitdobrinj.hr\/it\/wp-json\/wp\/v2\/comments?post=60"}],"version-history":[{"count":60,"href":"http:\/\/www.visitdobrinj.hr\/it\/wp-json\/wp\/v2\/pages\/60\/revisions"}],"predecessor-version":[{"id":38291,"href":"http:\/\/www.visitdobrinj.hr\/it\/wp-json\/wp\/v2\/pages\/60\/revisions\/38291"}],"up":[{"embeddable":true,"href":"http:\/\/www.visitdobrinj.hr\/it\/wp-json\/wp\/v2\/pages\/56"}],"wp:attachment":[{"href":"http:\/\/www.visitdobrinj.hr\/it\/wp-json\/wp\/v2\/media?parent=60"}],"curies":[{"name":"wp","href":"https:\/\/api.w.org\/{rel}","templated":true}]}}