{"id":64,"date":"2019-04-30T10:56:55","date_gmt":"2019-04-30T10:56:55","guid":{"rendered":"http:\/\/www.visitdobrinj.hr\/?page_id=64"},"modified":"2025-04-17T22:32:48","modified_gmt":"2025-04-17T20:32:48","slug":"setnice-i-biciklisticke-staze","status":"publish","type":"page","link":"http:\/\/www.visitdobrinj.hr\/it\/vacanze-attive\/passeggiate\/","title":{"rendered":"PASSEGGIATE"},"content":{"rendered":"<p>A prescindere dalla loro durata, le vacanze rappresentano innanzitutto un&#8217;occasione per rilassarsi, per liberarsi dalle emozioni negative accumulate nel tempo e per ricaricare le batterie approfittando della pace e del silenzio che ci circonda. C&#8217;\u00e8, tuttavia, un altro aspetto delle vacanze che \u00e8 sempre pi\u00f9 presente e popolare: la vacanza come attivit\u00e0 ricreativa, per liberarsi delle negativit\u00e0 e caricarsi soltanto di energia positiva.<\/p>\n<p>L&#8217;isola di Krk, nel suo complesso, \u00e8 la destinazione ideale per chi desidera riempire il proprio tempo libero di mille attivit\u00e0, se \u00e8 vero che sull&#8217;isola ci sono pi\u00f9 di <strong>300 chilometri<\/strong><strong> di sentieri segnalati<\/strong>. L&#8217;itinerario pi\u00f9 importante \u00e8 quel <strong>circuito<\/strong> chiamato la \u201c<strong>Tangenziale di Krk<\/strong>\u201d, itinerario circolare che collega tutti i sentieri isolani segnalati.<\/p>\n<p>Anche l\u2019area che gravita attorno a Dobrinj ha il suo itinerario circolare: alludiamo al <strong>sentiero montano<\/strong> chiamato \u201c<strong>Per le vie di Dobrinj e dintorni<\/strong>\u201d, i cui 20 chilometri iniziano e finiscono a \u0160ilo toccando tutta l\u2019area e svelando agli occhi dell\u2019escursionista suggestivi dettagli della flora e della fauna e notevoli esemplari dell\u2019architettura contadina del luogo.<\/p>\n<p>Segnaliamo un itinerario percorrendo il quale si fa del bene al proprio corpo e s\u2019imparano i segreti del glagolitico, l\u2019alfabeto croato pi\u00f9 antico. Alludiamo al sentiero di 200 metri chiamato \u201cVia dei monaci glagoliti\u201d che si trova a Gabonjin.<\/p>\n\n\n<div class=\"wp-block-image\"><figure class=\"aligncenter size-large\"><a href=\"https:\/\/www.krk-outdoor.com\/en\" target=\"_blank\" rel=\"noopener\"><img loading=\"lazy\" width=\"691\" height=\"208\" src=\"http:\/\/www.visitdobrinj.hr\/wp-content\/uploads\/2025\/04\/logo_Krk-outdoor_hr_w-6.png\" alt=\"\" class=\"wp-image-38192\" srcset=\"http:\/\/www.visitdobrinj.hr\/wp-content\/uploads\/2025\/04\/logo_Krk-outdoor_hr_w-6.png 691w, http:\/\/www.visitdobrinj.hr\/wp-content\/uploads\/2025\/04\/logo_Krk-outdoor_hr_w-6-300x90.png 300w\" sizes=\"(max-width: 691px) 100vw, 691px\" \/><\/a><\/figure><\/div>\n","protected":false},"excerpt":{"rendered":"<p>A prescindere dalla loro durata, le vacanze rappresentano innanzitutto un&#8217;occasione per rilassarsi, per liberarsi dalle emozioni negative accumulate nel tempo e per ricaricare le batterie approfittando della pace e del silenzio che ci circonda. C&#8217;\u00e8, tuttavia, un altro aspetto delle vacanze che \u00e8 sempre pi\u00f9 presente e popolare: la vacanza come attivit\u00e0 ricreativa, per liberarsi [&hellip;]<\/p>\n","protected":false},"author":1,"featured_media":0,"parent":62,"menu_order":1,"comment_status":"closed","ping_status":"closed","template":"","meta":[],"_links":{"self":[{"href":"http:\/\/www.visitdobrinj.hr\/it\/wp-json\/wp\/v2\/pages\/64"}],"collection":[{"href":"http:\/\/www.visitdobrinj.hr\/it\/wp-json\/wp\/v2\/pages"}],"about":[{"href":"http:\/\/www.visitdobrinj.hr\/it\/wp-json\/wp\/v2\/types\/page"}],"author":[{"embeddable":true,"href":"http:\/\/www.visitdobrinj.hr\/it\/wp-json\/wp\/v2\/users\/1"}],"replies":[{"embeddable":true,"href":"http:\/\/www.visitdobrinj.hr\/it\/wp-json\/wp\/v2\/comments?post=64"}],"version-history":[{"count":49,"href":"http:\/\/www.visitdobrinj.hr\/it\/wp-json\/wp\/v2\/pages\/64\/revisions"}],"predecessor-version":[{"id":38196,"href":"http:\/\/www.visitdobrinj.hr\/it\/wp-json\/wp\/v2\/pages\/64\/revisions\/38196"}],"up":[{"embeddable":true,"href":"http:\/\/www.visitdobrinj.hr\/it\/wp-json\/wp\/v2\/pages\/62"}],"wp:attachment":[{"href":"http:\/\/www.visitdobrinj.hr\/it\/wp-json\/wp\/v2\/media?parent=64"}],"curies":[{"name":"wp","href":"https:\/\/api.w.org\/{rel}","templated":true}]}}