{"id":66,"date":"2019-04-30T10:57:28","date_gmt":"2019-04-30T10:57:28","guid":{"rendered":"http:\/\/www.visitdobrinj.hr\/?page_id=66"},"modified":"2020-03-02T21:04:54","modified_gmt":"2020-03-02T19:04:54","slug":"manifestacije","status":"publish","type":"page","link":"http:\/\/www.visitdobrinj.hr\/it\/vacanze-attive\/manifestazioni\/","title":{"rendered":"MANIFESTAZIONI"},"content":{"rendered":"<p>Un po&#8217; per tutti i gusti: poche parole per descrivere fedelmente l&#8217;offerta di cultura e spettacolo proposta nei mesi estivi in quest&#8217;area dell&#8217;isola di Krk. Soltanto cos\u00ec si pu\u00f2, infatti, descrivere quell&#8217;ampio spettro di eventi e spettacoli che fa da cornice alla stagione turistica nell\u2019area che gravita attorno a Dobrinj, sia che si tratti di novit\u00e0 in seno al programma ufficiale, sia che si tratti di appuntamenti che sono diventati ormai una tradizione dell&#8217;estate di Dobrinj.<\/p>\n<p><strong>Tra le feste popolari, il primato \u00e8 riservato alla festa di s. Stefano (\u201cStipanja\u201d) e alla festa di s. Rocco (\u201cRokova\u201d). <\/strong>Ma, come dice la canzone: \u201cogni paese ha la sua festa!\u201d. Va da s\u00e9 che nei paesini di \u0160ilo, \u010ci\u017ei\u0107i, Klimno e Soline, la cui esistenza ed il cui benessere sono sempre stati legati al mare, ogni estate s\u2019organizzano feste e sagre che durano una settimana e che propongono i piatti tipici ed i frutti di questo mare.<\/p>\n<p>Dicevamo \u201cun po\u2019 per tutti i gusti\u201d. E, infatti, durante i mesi estivi \u00e8 tutto un avvicendarsi di concerti di musica classica e di serate dedicate alla musica corale delle <em>klape<\/em> dalmate. I portoni del museo e della collezione etnografica di Dobrinj sono spalancati, mentre nelle gallerie d\u2019arte di \u0160ilo e Dobrinj s\u2019alternano mostre in rappresentanza dei vari generi e stili artistici. La manifestazione <strong>Estate culturale nell\u2019area di Dobrinj<\/strong> pensa anche ai pi\u00f9 piccini, con tutta una serie di spettacoli per bambini in et\u00e0 prescolare e scolare, mentre a \u0160ilo da qualche anno si tengono divertenti laboratori creativi che attirano tanti bambini, oltre ad un mini torneo sportivo con tante discipline sia acquatiche, sia di terra.<\/p>\n","protected":false},"excerpt":{"rendered":"<p>Un po&#8217; per tutti i gusti: poche parole per descrivere fedelmente l&#8217;offerta di cultura e spettacolo proposta nei mesi estivi in quest&#8217;area dell&#8217;isola di Krk. Soltanto cos\u00ec si pu\u00f2, infatti, descrivere quell&#8217;ampio spettro di eventi e spettacoli che fa da cornice alla stagione turistica nell\u2019area che gravita attorno a Dobrinj, sia che si tratti di [&hellip;]<\/p>\n","protected":false},"author":1,"featured_media":0,"parent":62,"menu_order":6,"comment_status":"closed","ping_status":"closed","template":"","meta":[],"_links":{"self":[{"href":"http:\/\/www.visitdobrinj.hr\/it\/wp-json\/wp\/v2\/pages\/66"}],"collection":[{"href":"http:\/\/www.visitdobrinj.hr\/it\/wp-json\/wp\/v2\/pages"}],"about":[{"href":"http:\/\/www.visitdobrinj.hr\/it\/wp-json\/wp\/v2\/types\/page"}],"author":[{"embeddable":true,"href":"http:\/\/www.visitdobrinj.hr\/it\/wp-json\/wp\/v2\/users\/1"}],"replies":[{"embeddable":true,"href":"http:\/\/www.visitdobrinj.hr\/it\/wp-json\/wp\/v2\/comments?post=66"}],"version-history":[{"count":6,"href":"http:\/\/www.visitdobrinj.hr\/it\/wp-json\/wp\/v2\/pages\/66\/revisions"}],"predecessor-version":[{"id":3038,"href":"http:\/\/www.visitdobrinj.hr\/it\/wp-json\/wp\/v2\/pages\/66\/revisions\/3038"}],"up":[{"embeddable":true,"href":"http:\/\/www.visitdobrinj.hr\/it\/wp-json\/wp\/v2\/pages\/62"}],"wp:attachment":[{"href":"http:\/\/www.visitdobrinj.hr\/it\/wp-json\/wp\/v2\/media?parent=66"}],"curies":[{"name":"wp","href":"https:\/\/api.w.org\/{rel}","templated":true}]}}