{"id":70,"date":"2019-04-30T10:58:07","date_gmt":"2019-04-30T10:58:07","guid":{"rendered":"http:\/\/www.visitdobrinj.hr\/?page_id=70"},"modified":"2020-03-05T21:05:49","modified_gmt":"2020-03-05T19:05:49","slug":"ronjenje","status":"publish","type":"page","link":"http:\/\/www.visitdobrinj.hr\/it\/vacanze-attive\/immersioni-subacquee\/","title":{"rendered":"IMMERSIONI SUBACQUEE"},"content":{"rendered":"<p>Oltre al suo ricco patrimonio di beni storico-culturali, l&#8217;isola di Krk vanta anche un patrimonio paesaggistico fuori dal comune, caratterizzato da due colori dominanti: il verde ed il blu. Tra quel tesoro blu dell&#8217;isola di Krk chiamato mare e la gente dell&#8217;isola c&#8217;\u00e8 sempre stato un rapporto stretto e speciale. E mentre, da un lato, il mare dava generosamente all&#8217;uomo tutti i suoi frutti, l&#8217;uomo, che li riceveva con gratitudine, ricambiava, spesso e suo malgrado, con l&#8217;unico bene di cui disponesse: la propria vita. Per dire di conoscere questi luoghi, non basta, dunque, esplorarne soltanto il lato \u201cverde\u201d: occorre anche vivere le sfumature pi\u00f9 intense del blu del nostro mondo sommerso. Per imparare i fondamentali o per migliorare la propria abilit\u00e0, il turista ha a disposizione <strong>due centri per immersioni subacquee entrambi a <\/strong><strong>\u0160ilo<\/strong>.<\/p>\n<p>Il <strong>centro immersioni subacquee \u201cModrulj\u201d<\/strong> offre l\u2019organizzazione di corsi di <em>diving<\/em>, gite riservate ai sub, il noleggio dell\u2019attrezzatura subacquea, occasionissime di fine settimana (fuori stagione) ed una particolare attrazione: le immersioni notturne in cerca di relitti, oltre all\u2019alloggio per i propri clienti.<\/p>\n<p>Il <strong>centro immersioni subacquee \u201cNeptun\u201d <\/strong>\u00e8 attrezzato per l\u2019organizzazione di gite subacquee e corsi di <em>diving<\/em> (anche per tutte le categorie d\u2019immersione tecnica). Oltre ad offrire l\u2019alloggio, il Neptun organizza gite riservate ai sub a bordo di unit\u00e0 moderne e confortevoli capaci di raggiungere rapidamente i siti subacquei pi\u00f9 suggestivi.<\/p>\n<p>Accanto ad una serie di affascinanti siti subacquei tanto per sommozzatori professionisti, quanto per sub amatoriali, segnaliamo una <em>location<\/em> che si attaglia, meglio di qualsiasi altra, alla frase: \u201cil mare d\u00e0, il mare prende\u201d.<\/p>\n<p><strong>Centro immersioni subacquee <\/strong><strong>Neptun<br \/>\n<\/strong>Lokvi\u0161\u0107a 12d, 51515 \u0160ilo<br \/>\n<strong>Tel.:<\/strong> +385 (0)51 604-404<br \/>\n<strong>Fax:<\/strong> +385 (0)51 604-403<br \/>\n<strong>E-mail:<\/strong> <a href=\"mailto:info@neptun-silo.com\">info@neptun-silo.com<\/a><br \/>\n<a href=\"http:\/\/www.neptun-silo.com\/\" target=\"_blank\" rel=\"noopener\">www.neptun-silo.com<\/a><\/p>\n<p><strong>Centro immersioni subacquee <\/strong><strong>Modrulj<br \/>\n<\/strong>Pe\u0107ine 27, 51515 \u0160ilo<br \/>\n<strong>Tel.:<\/strong> +385 (0)98 1881 625<br \/>\n<strong>E-mail:<\/strong> <a href=\"mailto:modrulj@modrulj.hr\">modrulj@modrulj.hr<\/a><\/p>\n","protected":false},"excerpt":{"rendered":"<p>Oltre al suo ricco patrimonio di beni storico-culturali, l&#8217;isola di Krk vanta anche un patrimonio paesaggistico fuori dal comune, caratterizzato da due colori dominanti: il verde ed il blu. Tra quel tesoro blu dell&#8217;isola di Krk chiamato mare e la gente dell&#8217;isola c&#8217;\u00e8 sempre stato un rapporto stretto e speciale. E mentre, da un lato, [&hellip;]<\/p>\n","protected":false},"author":1,"featured_media":0,"parent":62,"menu_order":4,"comment_status":"closed","ping_status":"closed","template":"","meta":[],"_links":{"self":[{"href":"http:\/\/www.visitdobrinj.hr\/it\/wp-json\/wp\/v2\/pages\/70"}],"collection":[{"href":"http:\/\/www.visitdobrinj.hr\/it\/wp-json\/wp\/v2\/pages"}],"about":[{"href":"http:\/\/www.visitdobrinj.hr\/it\/wp-json\/wp\/v2\/types\/page"}],"author":[{"embeddable":true,"href":"http:\/\/www.visitdobrinj.hr\/it\/wp-json\/wp\/v2\/users\/1"}],"replies":[{"embeddable":true,"href":"http:\/\/www.visitdobrinj.hr\/it\/wp-json\/wp\/v2\/comments?post=70"}],"version-history":[{"count":27,"href":"http:\/\/www.visitdobrinj.hr\/it\/wp-json\/wp\/v2\/pages\/70\/revisions"}],"predecessor-version":[{"id":3168,"href":"http:\/\/www.visitdobrinj.hr\/it\/wp-json\/wp\/v2\/pages\/70\/revisions\/3168"}],"up":[{"embeddable":true,"href":"http:\/\/www.visitdobrinj.hr\/it\/wp-json\/wp\/v2\/pages\/62"}],"wp:attachment":[{"href":"http:\/\/www.visitdobrinj.hr\/it\/wp-json\/wp\/v2\/media?parent=70"}],"curies":[{"name":"wp","href":"https:\/\/api.w.org\/{rel}","templated":true}]}}